{"id":14809,"date":"2017-01-20T03:11:59","date_gmt":"2017-01-20T05:11:59","guid":{"rendered":"https:\/\/gtc.lt\/w\/?page_id=14809"},"modified":"2025-07-15T11:21:15","modified_gmt":"2025-07-15T13:21:15","slug":"2014-2016-teiktos-paramos-sarasas","status":"publish","type":"page","link":"https:\/\/www.gtc.lt\/w\/en\/2014-2016-teiktos-paramos-sarasas\/","title":{"rendered":"List of contributions made between 2014 and 2016."},"content":{"rendered":"<section class=\"wpb-content-wrapper\"><div  class=\"vc_row vc-row-wrapper\" data-parallax_sense=\"30\"><div class=\"wpb_row row\" >\n\t<div class=\"twelve columns vc-column-extra-class-69ec91ede10b9\" data-parallax_sense=\"30\">\n\t\t<div class=\"wpb_wrapper\">\n\t\t\t\n\t<div class=\"wpb_text_column wpb_content_element\" >\n\t\t<div class=\"wpb_wrapper\">\n\t\t\t<p>We are proud to have supported public organizations that foster best practices.<br \/>\nList of contributions made between 2014 and 2016.<\/p>\n<table class=\"NormalTable\">\n<tbody>\n<tr>\n<td style=\"width: 50px; text-align: center; vertical-align: middle;\" width=\"200\"><em><strong><span class=\"fontstyle0\">No. <\/span><\/strong><\/em><\/td>\n<td style=\"width: 50px; text-align: center; vertical-align: middle;\" width=\"200\"><em><strong><span class=\"fontstyle0\">Date of Support <\/span><\/strong><\/em><\/td>\n<td style=\"width: 50px; text-align: center; vertical-align: middle;\" width=\"200\"><em><strong><span class=\"fontstyle0\">Name of Beneficiary <\/span><\/strong><\/em><\/td>\n<td style=\"width: 100px; text-align: center; vertical-align: middle;\" width=\"200\"><span class=\"fontstyle0\"><em><strong>Amount of Support \u20ac<\/strong><\/em><\/span><\/td>\n<\/tr>\n<tr>\n<td style=\"width: 50px; text-align: center;\" width=\"200\"><span class=\"fontstyle0\">1 <\/span><\/td>\n<td style=\"width: 100px; text-align: center;\" width=\"200\"><span class=\"fontstyle0\">2014.05.05 <\/span><\/td>\n<td style=\"width: 400px;\" width=\"200\"><span class=\"fontstyle0\">VIE\u0160OJI \u012eSTAIGA &#8216;GELE\u017dINKELI\u0172 VETERANAI&#8221; <\/span><\/td>\n<td style=\"width: 100px; text-align: center; vertical-align: middle;\" width=\"200\"><span class=\"fontstyle0\">1737,72<\/span><\/td>\n<\/tr>\n<tr>\n<td style=\"width: 50px; text-align: center;\" width=\"200\"><span class=\"fontstyle0\">2 <\/span><\/td>\n<td style=\"width: 100px; text-align: center;\" width=\"200\"><span class=\"fontstyle0\">2014.05.07 <\/span><\/td>\n<td style=\"width: 400px;\" width=\"200\"><span class=\"fontstyle0\">Vilniaus r. Kalveli\u0173 kaimo spotro klubas &#8222;Ave,Ko&#8221; <\/span><\/td>\n<td style=\"width: 100px; text-align: center; vertical-align: middle;\" width=\"200\"><span class=\"fontstyle0\">1737,72<\/span><\/td>\n<\/tr>\n<tr>\n<td style=\"width: 50px; text-align: center;\" width=\"200\"><span class=\"fontstyle0\">3 <\/span><\/td>\n<td style=\"width: 100px; text-align: center;\" width=\"200\"><span class=\"fontstyle0\">2014.05.08 <\/span><\/td>\n<td style=\"width: 400px;\" width=\"200\"><span class=\"fontstyle0\">Vilniaus futbolo klubas &#8222;Lokomotyvas&#8221; <\/span><\/td>\n<td style=\"width: 100px; text-align: center; vertical-align: middle;\" width=\"200\"><span class=\"fontstyle0\">579,24<\/span><\/td>\n<\/tr>\n<tr>\n<td style=\"width: 50px; text-align: center;\" width=\"200\"><span class=\"fontstyle0\">4 <\/span><\/td>\n<td style=\"width: 100px; text-align: center;\" width=\"200\"><span class=\"fontstyle0\">2014.05.08 <\/span><\/td>\n<td style=\"width: 400px;\" width=\"200\"><span class=\"fontstyle0\">V\u0161\u012e &#8222;Aurora plius&#8221; <\/span><\/td>\n<td style=\"width: 100px; text-align: center; vertical-align: middle;\" width=\"200\"><span class=\"fontstyle0\">868,86<\/span><\/td>\n<\/tr>\n<tr>\n<td style=\"width: 50px; text-align: center;\" width=\"200\"><span class=\"fontstyle0\">5 <\/span><\/td>\n<td style=\"width: 100px; text-align: center;\" width=\"200\"><span class=\"fontstyle0\">2014.06.03 <\/span><\/td>\n<td style=\"width: 400px;\" width=\"200\"><span class=\"fontstyle0\">Trak\u0173 rajono ne\u012fgali\u0173j\u0173 draugija <\/span><\/td>\n<td style=\"width: 100px; text-align: center; vertical-align: middle;\" width=\"200\"><span class=\"fontstyle0\">579,24<\/span><\/td>\n<\/tr>\n<tr>\n<td style=\"width: 50px; text-align: center;\" width=\"200\"><span class=\"fontstyle0\">6 <\/span><\/td>\n<td style=\"width: 100px; text-align: center;\" width=\"200\"><span class=\"fontstyle0\">2014.06.17 <\/span><\/td>\n<td style=\"width: 400px;\" width=\"200\"><span class=\"fontstyle0\">Asociacija &#8222;\u0160iauli\u0173 rajono \u0161eimyn\u0117l\u0117&#8221; <\/span><\/td>\n<td style=\"width: 100px; text-align: center; vertical-align: middle;\" width=\"200\"><span class=\"fontstyle0\">579,24<\/span><\/td>\n<\/tr>\n<tr>\n<td style=\"width: 50px; text-align: center;\" width=\"200\"><span class=\"fontstyle0\">7 <\/span><\/td>\n<td style=\"width: 100px; text-align: center;\" width=\"200\"><span class=\"fontstyle0\">2014.07.01 <\/span><\/td>\n<td style=\"width: 400px;\" width=\"200\"><span class=\"fontstyle0\">Dars\u016bni\u0161kio \u0160v\u010d. Mergel\u0117s Marijos \u012f dang\u0173 \u0116mimo parapija <\/span><\/td>\n<td style=\"width: 100px; text-align: center; vertical-align: middle;\" width=\"200\"><span class=\"fontstyle0\">2896,20<\/span><\/td>\n<\/tr>\n<tr>\n<td style=\"width: 50px; text-align: center;\" width=\"200\"><span class=\"fontstyle0\">8 <\/span><\/td>\n<td style=\"width: 100px; text-align: center;\" width=\"200\"><span class=\"fontstyle0\">2014.07.03 <\/span><\/td>\n<td style=\"width: 400px;\" width=\"200\"><span class=\"fontstyle0\">Musnink\u0173 mstl. bendruomen\u0117 &#8222;Spindulys&#8221; <\/span><\/td>\n<td style=\"width: 100px; text-align: center; vertical-align: middle;\" width=\"200\"><span class=\"fontstyle0\">1158,48<\/span><\/td>\n<\/tr>\n<tr>\n<td style=\"width: 50px; text-align: center;\" width=\"200\"><span class=\"fontstyle0\">9 <\/span><\/td>\n<td style=\"width: 100px; text-align: center;\" width=\"200\"><span class=\"fontstyle0\">2014.08.18 <\/span><\/td>\n<td style=\"width: 400px;\" width=\"200\"><span class=\"fontstyle0\">Vilniaus med\u017eiotoj\u0173 klubas &#8222;Arbaletas&#8221; <\/span><\/td>\n<td style=\"width: 100px; text-align: center; vertical-align: middle;\" width=\"200\"><span class=\"fontstyle0\">724,05<\/span><\/td>\n<\/tr>\n<tr>\n<td style=\"width: 50px; text-align: center;\" width=\"200\"><span class=\"fontstyle0\">10 <\/span><\/td>\n<td style=\"width: 100px; text-align: center;\" width=\"200\"><span class=\"fontstyle0\">2014.09.30 <\/span><\/td>\n<td style=\"width: 400px;\" width=\"200\"><span class=\"fontstyle0\">Dars\u016bni\u0161kio \u0160v\u010d. Mergel\u0117s Marijos \u012f dang\u0173 \u0116mimo parapija <\/span><\/td>\n<td style=\"width: 100px; text-align: center; vertical-align: middle;\" width=\"200\"><span class=\"fontstyle0\">1737,72<\/span><\/td>\n<\/tr>\n<tr>\n<td style=\"width: 50px; text-align: center;\" width=\"200\"><span class=\"fontstyle0\">11 <\/span><\/td>\n<td style=\"width: 100px; text-align: center;\" width=\"200\"><span class=\"fontstyle0\">2014.10.01 <\/span><\/td>\n<td style=\"width: 400px;\" width=\"200\"><span class=\"fontstyle0\">Bendrovi\u0173 ir institucij\u0173 teisinink\u0173 asociacija (B.I.T.A.) <\/span><\/td>\n<td style=\"width: 100px; text-align: center; vertical-align: middle;\" width=\"200\"><span class=\"fontstyle0\">2896,20<\/span><\/td>\n<\/tr>\n<tr>\n<td style=\"width: 50px; text-align: center;\" width=\"200\"><span class=\"fontstyle0\">12 <\/span><\/td>\n<td style=\"width: 100px; text-align: center;\" width=\"200\"><span class=\"fontstyle0\">2014.10.02 <\/span><\/td>\n<td style=\"width: 400px;\" width=\"200\"><span class=\"fontstyle0\">\u0160il\u0117n\u0173 kaimo bendruomen\u0117 &#8222;\u0160ilas&#8221; <\/span><\/td>\n<td style=\"width: 100px; text-align: center; vertical-align: middle;\" width=\"200\"><span class=\"fontstyle0\">868,86<\/span><\/td>\n<\/tr>\n<tr>\n<td style=\"width: 50px; text-align: center;\" width=\"200\"><span class=\"fontstyle0\">13 <\/span><\/td>\n<td style=\"width: 100px; text-align: center;\" width=\"200\"><span class=\"fontstyle0\">2014.11.12 <\/span><\/td>\n<td style=\"width: 400px;\" width=\"200\"><span class=\"fontstyle0\">Trak\u0173 r. Lentvario parapijos sporto ir laisvalaikio klubas &#8222;Pax&#8221; <\/span><\/td>\n<td style=\"width: 100px; text-align: center; vertical-align: middle;\" width=\"200\"><span class=\"fontstyle0\">144,81<\/span><\/td>\n<\/tr>\n<tr>\n<td style=\"width: 50px; text-align: center;\" width=\"200\"><span class=\"fontstyle0\">14 <\/span><\/td>\n<td style=\"width: 100px; text-align: center;\" width=\"200\"><span class=\"fontstyle0\">2014.11.24 <\/span><\/td>\n<td style=\"width: 400px;\" width=\"200\"><span class=\"fontstyle0\">V\u0161\u012e &#8222;ShenetLT&#8221; <\/span><\/td>\n<td style=\"width: 100px; text-align: center; vertical-align: middle;\" width=\"200\"><span class=\"fontstyle0\">2896,20<\/span><\/td>\n<\/tr>\n<tr>\n<td style=\"width: 50px; text-align: center;\" width=\"200\"><span class=\"fontstyle0\">15 <\/span><\/td>\n<td style=\"width: 100px; text-align: center;\" width=\"200\"><span class=\"fontstyle0\">2014.12.02 <\/span><\/td>\n<td style=\"width: 400px;\" width=\"200\"><span class=\"fontstyle0\">Kairi\u0173 \u0160v\u010c. M. Marijos belaisvi\u0173 vaduotojos parapija <\/span><\/td>\n<td style=\"width: 100px; text-align: center; vertical-align: middle;\" width=\"200\"><span class=\"fontstyle0\">868,86<\/span><\/td>\n<\/tr>\n<tr>\n<td style=\"width: 50px; text-align: center;\" width=\"200\"><span class=\"fontstyle0\">16 <\/span><\/td>\n<td style=\"width: 100px; text-align: center;\" width=\"200\"><span class=\"fontstyle0\">2014.12.05 <\/span><\/td>\n<td style=\"width: 400px;\" width=\"200\"><span class=\"fontstyle0\">Tinkslinio ir plia\u017einio tinklinio sporto klubas &#8222;Auksma&#8221; <\/span><\/td>\n<td style=\"width: 100px; text-align: center; vertical-align: middle;\" width=\"200\"><span class=\"fontstyle0\">1448,10<\/span><\/td>\n<\/tr>\n<tr>\n<td style=\"width: 50px; text-align: center;\" width=\"200\"><span class=\"fontstyle0\">17 <\/span><\/td>\n<td style=\"width: 100px; text-align: center;\" width=\"200\"><span class=\"fontstyle0\">2014.12.10 <\/span><\/td>\n<td style=\"width: 400px;\" width=\"200\"><span class=\"fontstyle0\">Asociacija Lietuvos karaim\u0173 draugija <\/span><\/td>\n<td style=\"width: 100px; text-align: center; vertical-align: middle;\" width=\"200\"><span class=\"fontstyle0\">1737,72<\/span><\/td>\n<\/tr>\n<tr>\n<td style=\"width: 50px; text-align: center;\" width=\"200\"><span class=\"fontstyle0\">18 <\/span><\/td>\n<td style=\"width: 100px; text-align: center;\" width=\"200\"><span class=\"fontstyle0\">2014.12.12 <\/span><\/td>\n<td style=\"width: 400px;\" width=\"200\"><span class=\"fontstyle0\">KAI\u0160IADORI\u0172VYSKUPIJOS KURIJA <\/span><\/td>\n<td style=\"width: 100px; text-align: center; vertical-align: middle;\" width=\"200\"><span class=\"fontstyle0\">1737,72<\/span><\/td>\n<\/tr>\n<tr>\n<td style=\"width: 50px; text-align: center;\" width=\"200\"><span class=\"fontstyle0\">19 <\/span><\/td>\n<td style=\"width: 100px; text-align: center;\" width=\"200\"><span class=\"fontstyle0\">2014.12.23 <\/span><\/td>\n<td style=\"width: 400px;\" width=\"200\"><span class=\"fontstyle0\">\u017divil\u0117s Bal\u010di\u016bnait\u0117s paramos fondas <\/span><\/td>\n<td style=\"width: 100px; text-align: center; vertical-align: middle;\" width=\"200\"><span class=\"fontstyle0\">868,86<\/span><\/td>\n<\/tr>\n<tr>\n<td style=\"width: 50px; text-align: center;\" width=\"200\"><span class=\"fontstyle0\">20 <\/span><\/td>\n<td style=\"width: 100px; text-align: center;\" width=\"200\"><span class=\"fontstyle0\">2015.05.18 <\/span><\/td>\n<td style=\"width: 400px;\" width=\"200\"><span class=\"fontstyle0\">Bendrovi\u0173 ir institucij\u0173 teisinink\u0173 asociacija (B.I.T.A.) <\/span><\/td>\n<td style=\"width: 100px; text-align: center; vertical-align: middle;\" width=\"200\"><span class=\"fontstyle0\">3000,00<\/span><\/td>\n<\/tr>\n<tr>\n<td style=\"width: 50px; text-align: center;\" width=\"200\"><span class=\"fontstyle0\">21 <\/span><\/td>\n<td style=\"width: 100px; text-align: center;\" width=\"200\"><span class=\"fontstyle0\">2015.05.18 <\/span><\/td>\n<td style=\"width: 400px;\" width=\"200\"><span class=\"fontstyle0\">Vie\u0161oji \u012fstaiga &#8222;Art\u016bro Paulausko fondas&#8221; <\/span><\/td>\n<td style=\"width: 100px; text-align: center; vertical-align: middle;\" width=\"200\"><span class=\"fontstyle0\">2890,00<\/span><\/td>\n<\/tr>\n<tr>\n<td style=\"width: 50px; text-align: center;\" width=\"200\"><span class=\"fontstyle0\">22 <\/span><\/td>\n<td style=\"width: 100px; text-align: center;\" width=\"200\"><span class=\"fontstyle0\">2015.05.21 <\/span><\/td>\n<td style=\"width: 400px;\" width=\"200\"><span class=\"fontstyle0\">Folkloro klubas &#8222;Bitulos samb\u016bris&#8221; <\/span><\/td>\n<td style=\"width: 100px; text-align: center; vertical-align: middle;\" width=\"200\"><span class=\"fontstyle0\">1700,00<\/span><\/td>\n<\/tr>\n<tr>\n<td style=\"width: 50px; text-align: center;\" width=\"200\"><span class=\"fontstyle0\">23 <\/span><\/td>\n<td style=\"width: 100px; text-align: center;\" width=\"200\"><span class=\"fontstyle0\">2015.06.03 <\/span><\/td>\n<td style=\"width: 400px;\" width=\"200\"><span class=\"fontstyle0\">VIE\u0160OJI \u012eSTAIGA &#8216;GELE\u017dINKELI\u0172 VETERANAI&#8221; <\/span><\/td>\n<td style=\"width: 100px; text-align: center; vertical-align: middle;\" width=\"200\"><span class=\"fontstyle0\">2000,00<\/span><\/td>\n<\/tr>\n<tr>\n<td style=\"width: 50px; text-align: center;\" width=\"200\"><span class=\"fontstyle0\">24 <\/span><\/td>\n<td style=\"width: 100px; text-align: center;\" width=\"200\"><span class=\"fontstyle0\">2015.06.03 <\/span><\/td>\n<td style=\"width: 400px;\" width=\"200\"><span class=\"fontstyle0\">Asociacija &#8222;Klaip\u0117dos d\u017eiazo festivalis&#8221; <\/span><\/td>\n<td style=\"width: 100px; text-align: center; vertical-align: middle;\" width=\"200\"><span class=\"fontstyle0\">3000,00<\/span><\/td>\n<\/tr>\n<tr>\n<td style=\"width: 50px; text-align: center;\" width=\"200\"><span class=\"fontstyle0\">25 <\/span><\/td>\n<td style=\"width: 100px; text-align: center;\" width=\"200\"><span class=\"fontstyle0\">2015.06.08 <\/span><\/td>\n<td style=\"width: 400px;\" width=\"200\"><span class=\"fontstyle0\">Asociacija &#8222;\u0160iauli\u0173 rajono \u0161eimyn\u0117l\u0117&#8221; <\/span><\/td>\n<td style=\"width: 100px; text-align: center; vertical-align: middle;\" width=\"200\"><span class=\"fontstyle0\">600,00<\/span><\/td>\n<\/tr>\n<tr>\n<td style=\"width: 50px; text-align: center;\" width=\"200\"><span class=\"fontstyle0\">26 <\/span><\/td>\n<td style=\"width: 100px; text-align: center;\" width=\"200\"><span class=\"fontstyle0\">2015.06.17 <\/span><\/td>\n<td style=\"width: 400px;\" width=\"200\"><span class=\"fontstyle0\">Lietuvos politini\u0173 kalini\u0173 ir tremtini\u0173 s\u0105junga <\/span><\/td>\n<td style=\"width: 100px; text-align: center; vertical-align: middle;\" width=\"200\"><span class=\"fontstyle0\">3628,79<\/span><\/td>\n<\/tr>\n<tr>\n<td style=\"width: 50px; text-align: center;\" width=\"200\"><span class=\"fontstyle0\">27 <\/span><\/td>\n<td style=\"width: 100px; text-align: center;\" width=\"200\"><span class=\"fontstyle0\">2015.07.03 <\/span><\/td>\n<td style=\"width: 400px;\" width=\"200\"><span class=\"fontstyle0\">Vilniaus med\u017eiotoj\u0173 klubas &#8222;Arbaletas&#8221; <\/span><\/td>\n<td style=\"width: 100px; text-align: center; vertical-align: middle;\" width=\"200\"><span class=\"fontstyle0\">800,00<\/span><\/td>\n<\/tr>\n<tr>\n<td style=\"width: 50px; text-align: center;\" width=\"200\"><span class=\"fontstyle0\">28 <\/span><\/td>\n<td style=\"width: 100px; text-align: center;\" width=\"200\"><span class=\"fontstyle0\">2015.08.26 <\/span><\/td>\n<td style=\"width: 400px;\" width=\"200\"><span class=\"fontstyle0\">Dars\u016bni\u0161kio \u0160v\u010d. Mergel\u0117s Marijos \u012f dang\u0173 \u0116mimo parapija <\/span><\/td>\n<td style=\"width: 100px; text-align: center; vertical-align: middle;\" width=\"200\"><span class=\"fontstyle0\">3000,00<\/span><\/td>\n<\/tr>\n<tr>\n<td style=\"width: 50px; text-align: center;\" width=\"200\"><span class=\"fontstyle0\">29 <\/span><\/td>\n<td style=\"width: 100px; text-align: center;\" width=\"200\"><span class=\"fontstyle0\">2015.09.23 <\/span><\/td>\n<td style=\"width: 400px;\" width=\"200\"><span class=\"fontstyle0\">POLICIJOS DEPARTAMENTO PRIE VRM <\/span><\/td>\n<td style=\"width: 100px; text-align: center; vertical-align: middle;\" width=\"200\"><span class=\"fontstyle0\">3000,00<\/span><\/td>\n<\/tr>\n<tr>\n<td style=\"width: 50px; text-align: center;\" width=\"200\"><span class=\"fontstyle0\">30 <\/span><\/td>\n<td style=\"width: 100px; text-align: center;\" width=\"200\"><span class=\"fontstyle0\">2015.10.09 <\/span><\/td>\n<td style=\"width: 400px;\" width=\"200\"><span class=\"fontstyle0\">VO Pasienie\u010di\u0173 klubas <\/span><\/td>\n<td style=\"width: 100px; text-align: center; vertical-align: middle;\" width=\"200\"><span class=\"fontstyle0\">3000,00<\/span><\/td>\n<\/tr>\n<tr>\n<td style=\"width: 50px; text-align: center;\" width=\"200\"><span class=\"fontstyle0\">31 <\/span><\/td>\n<td style=\"width: 100px; text-align: center;\" width=\"200\"><span class=\"fontstyle0\">2015.10.15 <\/span><\/td>\n<td style=\"width: 400px;\" width=\"200\"><span class=\"fontstyle0\">Lentvario lop\u0161elis-dar\u017eelis &#8222;\u0160ilas&#8221; <\/span><\/td>\n<td style=\"width: 100px; text-align: center; vertical-align: middle;\" width=\"200\"><span class=\"fontstyle0\">1500,00<\/span><\/td>\n<\/tr>\n<tr>\n<td style=\"width: 50px; text-align: center;\" width=\"200\"><span class=\"fontstyle0\">32 <\/span><\/td>\n<td style=\"width: 100px; text-align: center;\" width=\"200\"><span class=\"fontstyle0\">2015.11.23 <\/span><\/td>\n<td style=\"width: 400px;\" width=\"200\"><span class=\"fontstyle0\">Var\u0117nos rankinio sporto klubas &#8222;\u016ala&#8221; <\/span><\/td>\n<td style=\"width: 100px; text-align: center; vertical-align: middle;\" width=\"200\"><span class=\"fontstyle0\">2500,00<\/span><\/td>\n<\/tr>\n<tr>\n<td style=\"width: 50px; text-align: center;\" width=\"200\"><span class=\"fontstyle0\">33 <\/span><\/td>\n<td style=\"width: 100px; text-align: center;\" width=\"200\"><span class=\"fontstyle0\">2015.11.23 <\/span><\/td>\n<td style=\"width: 400px;\" width=\"200\"><span class=\"fontstyle0\">\u017dmoni\u0173 su Dauno sindromu ir j\u0173 glob\u0117j\u0173 asociacija <\/span><\/td>\n<td style=\"width: 100px; text-align: center; vertical-align: middle;\" width=\"200\"><span class=\"fontstyle0\">2000,00<\/span><\/td>\n<\/tr>\n<tr>\n<td style=\"width: 50px; text-align: center;\" width=\"200\"><span class=\"fontstyle0\">34 <\/span><\/td>\n<td style=\"width: 100px; text-align: center;\" width=\"200\"><span class=\"fontstyle0\">2015.12.01 <\/span><\/td>\n<td style=\"width: 400px;\" width=\"200\"><span class=\"fontstyle0\">Trak\u0173 r. Lentvario parapijos sporto ir laisvalaikio klubas &#8222;Pax&#8221; <\/span><\/td>\n<td style=\"width: 100px; text-align: center; vertical-align: middle;\" width=\"200\"><span class=\"fontstyle0\">200,00<\/span><\/td>\n<\/tr>\n<tr>\n<td style=\"width: 50px; text-align: center;\" width=\"200\"><span class=\"fontstyle0\">35 <\/span><\/td>\n<td style=\"width: 100px; text-align: center;\" width=\"200\"><span class=\"fontstyle0\">2015.12.15 <\/span><\/td>\n<td style=\"width: 400px;\" width=\"200\"><span class=\"fontstyle0\">Trak\u0173 rajono ne\u012fgali\u0173j\u0173 draugija <\/span><\/td>\n<td style=\"width: 100px; text-align: center; vertical-align: middle;\" width=\"200\"><span class=\"fontstyle0\">500,00<\/span><\/td>\n<\/tr>\n<tr>\n<td style=\"width: 50px; text-align: center;\" width=\"200\"><span class=\"fontstyle0\">36 <\/span><\/td>\n<td style=\"width: 100px; text-align: center;\" width=\"200\"><span class=\"fontstyle0\">2015.12.21 <\/span><\/td>\n<td style=\"width: 400px;\" width=\"200\"><span class=\"fontstyle0\">Vie\u0161oji \u012fstaiga Berniuk\u0173 ir jaunuoli\u0173 choras &#8222;\u0104\u017euoliukas&#8221; <\/span><\/td>\n<td style=\"width: 100px; text-align: center; vertical-align: middle;\" width=\"200\"><span class=\"fontstyle0\">2500,00<\/span><\/td>\n<\/tr>\n<tr>\n<td style=\"width: 50px; text-align: center;\" width=\"200\"><span class=\"fontstyle0\">37 <\/span><\/td>\n<td style=\"width: 100px; text-align: center;\" width=\"200\"><span class=\"fontstyle0\">2016.04.15 <\/span><\/td>\n<td style=\"width: 400px;\" width=\"200\"><span class=\"fontstyle0\">Paramos ir labdaros fondas &#8222;Mam\u0173 Unija&#8221; <\/span><\/td>\n<td style=\"width: 100px; text-align: center; vertical-align: middle;\" width=\"200\"><span class=\"fontstyle0\">4000,00<\/span><\/td>\n<\/tr>\n<tr>\n<td style=\"width: 50px; text-align: center;\" width=\"200\"><span class=\"fontstyle0\">38 <\/span><\/td>\n<td style=\"width: 100px; text-align: center;\" width=\"200\"><span class=\"fontstyle0\">2016.04.19 <\/span><\/td>\n<td style=\"width: 400px;\" width=\"200\"><span class=\"fontstyle0\">VIE\u0160OJI \u012eSTAIGA &#8216;GELE\u017dINKELI\u0172 VETERANAI&#8221; <\/span><\/td>\n<td style=\"width: 100px; text-align: center; vertical-align: middle;\" width=\"200\"><span class=\"fontstyle0\">3000,00<\/span><\/td>\n<\/tr>\n<tr>\n<td style=\"width: 50px; text-align: center;\" width=\"200\"><span class=\"fontstyle0\">39 <\/span><\/td>\n<td style=\"width: 100px; text-align: center;\" width=\"200\"><span class=\"fontstyle0\">2016.04.22 <\/span><\/td>\n<td style=\"width: 400px;\" width=\"200\"><span class=\"fontstyle0\">Vilniaus med\u017eiotoj\u0173 klubas &#8222;Arbaletas&#8221; <\/span><\/td>\n<td style=\"width: 100px; text-align: center; vertical-align: middle;\" width=\"200\"><span class=\"fontstyle0\">1000,00<\/span><\/td>\n<\/tr>\n<tr>\n<td style=\"width: 50px; text-align: center;\" width=\"200\"><span class=\"fontstyle0\">40 <\/span><\/td>\n<td style=\"width: 100px; text-align: center;\" width=\"200\"><span class=\"fontstyle0\">2016.05.02 <\/span><\/td>\n<td style=\"width: 400px;\" width=\"200\"><span class=\"fontstyle0\">Bendrovi\u0173 ir institucij\u0173 teisinink\u0173 asociacija (B.I.T.A.) <\/span><\/td>\n<td style=\"width: 100px; text-align: center; vertical-align: middle;\" width=\"200\"><span class=\"fontstyle0\">3000,00<\/span><\/td>\n<\/tr>\n<tr>\n<td style=\"width: 50px; text-align: center;\" width=\"200\"><span class=\"fontstyle0\">41 <\/span><\/td>\n<td style=\"width: 100px; text-align: center;\" width=\"200\"><span class=\"fontstyle0\">2016.05.16 <\/span><\/td>\n<td style=\"width: 400px;\" width=\"200\"><span class=\"fontstyle0\">Asociacija &#8222;\u0160iauli\u0173 rajono \u0161eimyn\u0117l\u0117&#8221; <\/span><\/td>\n<td style=\"width: 100px; text-align: center; vertical-align: middle;\" width=\"200\"><span class=\"fontstyle0\">600,00<\/span><\/td>\n<\/tr>\n<tr>\n<td style=\"width: 50px; text-align: center;\" width=\"200\"><span class=\"fontstyle0\">42 <\/span><\/td>\n<td style=\"width: 100px; text-align: center;\" width=\"200\"><span class=\"fontstyle0\">2016.05.16 <\/span><\/td>\n<td style=\"width: 400px;\" width=\"200\"><span class=\"fontstyle0\">Asociacija Plung\u0117s ir Rietavo kra\u0161to fotoklubas &#8222;\u017dybt&#8221; <\/span><\/td>\n<td style=\"width: 100px; text-align: center; vertical-align: middle;\" width=\"200\"><span class=\"fontstyle0\">500,00<\/span><\/td>\n<\/tr>\n<tr>\n<td style=\"width: 50px; text-align: center;\" width=\"200\"><span class=\"fontstyle0\">43 <\/span><\/td>\n<td style=\"width: 100px; text-align: center;\" width=\"200\"><span class=\"fontstyle0\">2016.05.16 <\/span><\/td>\n<td style=\"width: 400px;\" width=\"200\"><span class=\"fontstyle0\">Trak\u0173 r. Lentvario parapijos sporto ir laisvalaikio klubas &#8222;Pax&#8221; <\/span><\/td>\n<td style=\"width: 100px; text-align: center; vertical-align: middle;\" width=\"200\"><span class=\"fontstyle0\">400,00<\/span><\/td>\n<\/tr>\n<tr>\n<td style=\"width: 50px; text-align: center;\" width=\"200\"><span class=\"fontstyle0\">44 <\/span><\/td>\n<td style=\"width: 100px; text-align: center;\" width=\"200\"><span class=\"fontstyle0\">2016.06.20 <\/span><\/td>\n<td style=\"width: 400px;\" width=\"200\"><span class=\"fontstyle0\">Lengvosios atletikos asociacija <\/span><\/td>\n<td style=\"width: 100px; text-align: center; vertical-align: middle;\" width=\"200\"><span class=\"fontstyle0\">2000,00<\/span><\/td>\n<\/tr>\n<\/tbody>\n<\/table>\n\n\t\t<\/div> \n\t<\/div> \n\t\t<\/div> \n\t<\/div> \n<\/div><div class=\"dfd-row-bg-overlay\" style=\"opacity: 0.8;\"><\/div><\/div>\n<\/section>","protected":false},"excerpt":{"rendered":"D\u017eiaugiam\u0117s gal\u0117dami prisid\u0117ti prie ger\u0105j\u0105 praktik\u0105 puosel\u0117jan\u010di\u0173 visuomenini\u0173 organizacij\u0173 darb\u0173 2014-2016 teiktos paramos s\u0105ra\u0161as Eil. Nr. Paramos suteikimo Data Paramos gav\u0117jo pavadinimas Paramos Suma \u20ac 1 2014.05.05 VIE\u0160OJI \u012eSTAIGA 'GELE\u017dINKELI\u0172","protected":false},"author":1,"featured_media":0,"parent":0,"menu_order":0,"comment_status":"closed","ping_status":"closed","template":"","meta":{"footnotes":""},"_links":{"self":[{"href":"https:\/\/www.gtc.lt\/w\/en\/wp-json\/wp\/v2\/pages\/14809"}],"collection":[{"href":"https:\/\/www.gtc.lt\/w\/en\/wp-json\/wp\/v2\/pages"}],"about":[{"href":"https:\/\/www.gtc.lt\/w\/en\/wp-json\/wp\/v2\/types\/page"}],"author":[{"embeddable":true,"href":"https:\/\/www.gtc.lt\/w\/en\/wp-json\/wp\/v2\/users\/1"}],"replies":[{"embeddable":true,"href":"https:\/\/www.gtc.lt\/w\/en\/wp-json\/wp\/v2\/comments?post=14809"}],"version-history":[{"count":0,"href":"https:\/\/www.gtc.lt\/w\/en\/wp-json\/wp\/v2\/pages\/14809\/revisions"}],"wp:attachment":[{"href":"https:\/\/www.gtc.lt\/w\/en\/wp-json\/wp\/v2\/media?parent=14809"}],"curies":[{"name":"wp","href":"https:\/\/api.w.org\/{rel}","templated":true}]}}