{"id":15425,"date":"2019-08-01T10:03:38","date_gmt":"2019-08-01T12:03:38","guid":{"rendered":"https:\/\/gtc.lt\/w\/?page_id=15425"},"modified":"2025-10-21T06:07:16","modified_gmt":"2025-10-21T08:07:16","slug":"veiklos-ataskaitos","status":"publish","type":"page","link":"https:\/\/www.gtc.lt\/w\/en\/veiklos-rezultatai\/veiklos-ataskaitos\/","title":{"rendered":"Activity Reports"},"content":{"rendered":"<section class=\"wpb-content-wrapper\"><div  class=\"vc_row vc-row-wrapper\" data-parallax_sense=\"30\"><div class=\"wpb_row row\" >\n\t<div class=\"twelve columns vc-column-extra-class-69eb9fe33efdd\" data-parallax_sense=\"30\">\n\t\t<div class=\"wpb_wrapper\">\n\t\t\t\n\t<div class=\"wpb_text_column wpb_content_element\" >\n\t\t<div class=\"wpb_wrapper\">\n\t\t\t<p><a href=\"https:\/\/www.gtc.lt\/w\/wp-content\/uploads\/2025\/10\/GTC_2025_EN_Tarpines-ataskaitos.pdf\">2025 Interim Report and financial statements<\/a><br \/>\n<a href=\"https:\/\/www.gtc.lt\/w\/wp-content\/uploads\/2025\/10\/GTC_2025_LT_Tarpines-ataskaitos.pdf\">2025 m. I pusme\u010dio finansini\u0173 ataskait\u0173 rinkinys<\/a><\/p>\n<p>Reports Archive:<br \/>\n<a href=\"https:\/\/www.gtc.lt\/w\/wp-content\/uploads\/2025\/10\/GTC_2024_LT_FINAL.pdf\">2024 Annual Management Report and Financial Statements (original language)<\/a><br \/>\n<a href=\"https:\/\/www.gtc.lt\/w\/wp-content\/uploads\/2025\/10\/GTC_2024_ENG_FINAL.pdf\">2024 Annual Management Report and Financial Statements (English)<\/a><\/p>\n<p><a href=\"https:\/\/www.gtc.lt\/w\/wp-content\/uploads\/2025\/10\/2024_I_pusm_LT-np.pdf\">2024 Interim Report and financial statements (original language)<\/a><br \/>\n<a href=\"https:\/\/www.gtc.lt\/w\/wp-content\/uploads\/2025\/10\/2024_I_pusm_EN-np.pdf\">2024 Interim Report and financial statements<\/a><\/p>\n<p><a href=\"https:\/\/www.gtc.lt\/w\/wp-content\/uploads\/2025\/10\/2023_-I_pusm_LT-np.pdf\">2023 Interim Report and financial statements (original language)<\/a><br \/>\n<a href=\"https:\/\/www.gtc.lt\/w\/wp-content\/uploads\/2025\/10\/2023_-I_pusm_EN-np.pdf\">2023 Interim Report and financial statements<\/a><br \/>\n<a href=\"https:\/\/www.gtc.lt\/w\/wp-content\/uploads\/2025\/10\/2023_metines_LT-np.pdf\">2023 Annual Report and financial statements (original language)<\/a><br \/>\n<a href=\"https:\/\/www.gtc.lt\/w\/wp-content\/uploads\/2025\/10\/2023_metines_EN-np.pdf\">2023 Annual Report and financial statements<\/a><\/p>\n<p><a href=\"https:\/\/www.gtc.lt\/w\/wp-content\/uploads\/2025\/10\/2021_I_pusm_LT-np.pdf\">Financial Statements for H1 2022 (original language)<\/a><br \/>\n<a href=\"https:\/\/www.gtc.lt\/w\/wp-content\/uploads\/2025\/10\/2022_metines_EN-np.pdf\">2022 Annual Report and financial statements<\/a><br \/>\n<a href=\"https:\/\/www.gtc.lt\/w\/wp-content\/uploads\/2025\/10\/2022_-metines_-LT-np.pdf\">2022 Annual Report and financial statements (original language)<\/a><\/p>\n<p><a href=\"https:\/\/www.gtc.lt\/w\/wp-content\/uploads\/2025\/10\/2021_I_pusm_LT-np.pdf\">2021 Interim Report and financial statements (original language)<\/a><br \/>\n<a href=\"https:\/\/www.gtc.lt\/w\/wp-content\/uploads\/2025\/10\/2021_metines_-LT-np.pdf\">2021 Annual Report and financial statements (original language)<\/a><br \/>\n<a href=\"https:\/\/www.gtc.lt\/w\/wp-content\/uploads\/2025\/10\/2021_metines_EN-np.pdf\">2021 Annual Report and financial statements<\/a><\/p>\n<p><a href=\"https:\/\/www.gtc.lt\/w\/wp-content\/uploads\/2025\/10\/2020_I_pusm_LT-np.pdf\">2020 Interim Report and financial statements (original language)<\/a><br \/>\n<a href=\"https:\/\/www.gtc.lt\/w\/wp-content\/uploads\/2025\/10\/2020_metines_EN-np.pdf\">Financial Statements for H1 2021 (original language)<\/a><br \/>\n<a href=\"https:\/\/www.gtc.lt\/w\/wp-content\/uploads\/2025\/10\/2020_metines_LT-np.pdf\">2020 Annual Report and financial statements (original language)<\/a><\/p>\n\n\t\t<\/div> \n\t<\/div> \n\t\t<\/div> \n\t<\/div> \n<\/div><div class=\"dfd-row-bg-overlay\" style=\"opacity: 0.8;\"><\/div><\/div>\n<\/section>","protected":false},"excerpt":{"rendered":"2025 Interim Report and financial statements 2025 m. I pusme\u010dio finansini\u0173 ataskait\u0173 rinkinys Ataskait\u0173 archyvas: 2024 m. Vadovyb\u0117s ataskaita ir finansini\u0173 ataskait\u0173 rinkinys 2024 Annual Management Report and Financial Statements","protected":false},"author":1,"featured_media":0,"parent":29,"menu_order":0,"comment_status":"open","ping_status":"closed","template":"","meta":{"footnotes":""},"_links":{"self":[{"href":"https:\/\/www.gtc.lt\/w\/en\/wp-json\/wp\/v2\/pages\/15425"}],"collection":[{"href":"https:\/\/www.gtc.lt\/w\/en\/wp-json\/wp\/v2\/pages"}],"about":[{"href":"https:\/\/www.gtc.lt\/w\/en\/wp-json\/wp\/v2\/types\/page"}],"author":[{"embeddable":true,"href":"https:\/\/www.gtc.lt\/w\/en\/wp-json\/wp\/v2\/users\/1"}],"replies":[{"embeddable":true,"href":"https:\/\/www.gtc.lt\/w\/en\/wp-json\/wp\/v2\/comments?post=15425"}],"version-history":[{"count":0,"href":"https:\/\/www.gtc.lt\/w\/en\/wp-json\/wp\/v2\/pages\/15425\/revisions"}],"up":[{"embeddable":true,"href":"https:\/\/www.gtc.lt\/w\/en\/wp-json\/wp\/v2\/pages\/29"}],"wp:attachment":[{"href":"https:\/\/www.gtc.lt\/w\/en\/wp-json\/wp\/v2\/media?parent=15425"}],"curies":[{"name":"wp","href":"https:\/\/api.w.org\/{rel}","templated":true}]}}