{"id":15440,"date":"2019-08-06T11:41:24","date_gmt":"2019-08-06T13:41:24","guid":{"rendered":"https:\/\/gtc.lt\/w\/?page_id=15440"},"modified":"2025-07-15T11:21:15","modified_gmt":"2025-07-15T13:21:15","slug":"privatumo-politika","status":"publish","type":"page","link":"https:\/\/www.gtc.lt\/w\/en\/apie-bendrove-2\/privatumo-politika\/","title":{"rendered":"Privacy Notice"},"content":{"rendered":"<p><\/p>\n\n\n\n<p class=\"translation-block\"><a href=\"https:\/\/www.gtc.lt\/w\/wp-content\/uploads\/2022\/05\/GTC_interneto_svetaines_privatumo-pranesimas.pdf\" target=\"_blank\">\n    Privacy Notice of UAB Gele\u017einkelio Tiesimo Centras (original language)\n<\/a><\/p>\n\n\n\n<p><a href=\"https:\/\/gtc.lt\/w\/wp-content\/uploads\/2022\/05\/Kandidatu-i-laisvas-AB-Lietuvos-gelezinkeliai-grupes-darbo-vietas-privatumo-pranesimas.pdf\" data-type=\"URL\" data-id=\"https:\/\/gtc.lt\/w\/wp-content\/uploads\/2022\/05\/Kandidatu-i-laisvas-AB-Lietuvos-gelezinkeliai-grupes-darbo-vietas-privatumo-pranesimas.pdf\">Privacy Notice for Candidates Applying to Vacant Positions within the AB \u201cLietuvos Gele\u017einkeliai\u201d Group of Companies (orginal language)<\/a><\/p>\n\n\n\n<p><a href=\"https:\/\/gtc.lt\/w\/wp-content\/uploads\/2019\/08\/Privatumo-politika_Prasymas_GTC_2019.pdf\">Request to Exercise Data Subject Rights (orginal language) <\/a><\/p>\n\n\n\n<p><\/p>\n\n\n\n<p>If you have any questions related to the processing of personal data or the application of the General Data Protection Regulation (GDPR), please contact the Data Protection Officer at <a href=\"mailto: dap@ltg.lt\" data-type=\"mailto\" data-id=\"mailto: dap@ltg.lt\">dap@ltg.lt <\/a><\/p>","protected":false},"excerpt":{"rendered":"<p>UAB GELE\u017dINKELIO TIESIMO CENTRO PRIVATUMO PRANE\u0160IMAS KANDIDAT\u0172 \u012e LAISVAS AB \u201eLIETUVOS GELE\u017dINKELIAI\u201c \u012eMONI\u0172 GRUP\u0116S DARBO VIETAS PRIVATUMO PRANE\u0160IMAS PRA\u0160YMAS \u012eGYVENDINTI DUOMEN\u0172 SUBJEKTO TEIS\u0118 (-ES) Kilus klausimams, susijusiems su: asmens duomen\u0173<\/p>","protected":false},"author":1,"featured_media":0,"parent":290,"menu_order":0,"comment_status":"open","ping_status":"closed","template":"","meta":{"footnotes":""},"_links":{"self":[{"href":"https:\/\/www.gtc.lt\/w\/en\/wp-json\/wp\/v2\/pages\/15440"}],"collection":[{"href":"https:\/\/www.gtc.lt\/w\/en\/wp-json\/wp\/v2\/pages"}],"about":[{"href":"https:\/\/www.gtc.lt\/w\/en\/wp-json\/wp\/v2\/types\/page"}],"author":[{"embeddable":true,"href":"https:\/\/www.gtc.lt\/w\/en\/wp-json\/wp\/v2\/users\/1"}],"replies":[{"embeddable":true,"href":"https:\/\/www.gtc.lt\/w\/en\/wp-json\/wp\/v2\/comments?post=15440"}],"version-history":[{"count":0,"href":"https:\/\/www.gtc.lt\/w\/en\/wp-json\/wp\/v2\/pages\/15440\/revisions"}],"up":[{"embeddable":true,"href":"https:\/\/www.gtc.lt\/w\/en\/wp-json\/wp\/v2\/pages\/290"}],"wp:attachment":[{"href":"https:\/\/www.gtc.lt\/w\/en\/wp-json\/wp\/v2\/media?parent=15440"}],"curies":[{"name":"wp","href":"https:\/\/api.w.org\/{rel}","templated":true}]}}