{"id":15530,"date":"2020-03-23T16:56:55","date_gmt":"2020-03-23T18:56:55","guid":{"rendered":"https:\/\/gtc.lt\/w\/?page_id=15530"},"modified":"2025-07-15T11:21:31","modified_gmt":"2025-07-15T13:21:31","slug":"susidurete-su-korpcija","status":"publish","type":"page","link":"https:\/\/www.gtc.lt\/w\/en\/susidurete-su-korpcija\/","title":{"rendered":"Prevention of Corruption"},"content":{"rendered":"<p>UAB Gele\u017einkelio Tiesimo Centras operates under a zero-tolerance policy toward corruption, meaning that all forms of corrupt behavior\u2014such as conflicts of interest, bribery, abuse of authority, and unlawful acceptance of gifts\u2014are strictly prohibited. The Company conducts its activities responsibly, transparently, ethically, and reliably. <\/p>\n\n\n\n<p>\u00a0\u00a0\u00a0\u00a0\u00a0\u00a0\u00a0\u00a0\u00a0\u00a0\u00a0 In its operations, the Company follows the Anti-Corruption Policy of its parent company, AB Lietuvos Gele\u017einkeliai, which outlines the Group\u2019s key goals, principles, and measures for corruption prevention. Employees are expected to uphold the ethical standards defined in the Employee Code of Ethics when interacting with colleagues and external parties. The same expectations for transparency and integrity apply to the Company\u2019s business partners, as outlined in the Supplier Code of Conduct. <br><a href=\"https:\/\/ltg.lt\/en\/about-us\/prevention-of-corruption\/\"><strong>You can learn more about LTG Group\u2019s anti-corruption efforts on their official corruption prevention page.<\/strong><\/a><\/p>\n\n\n\n<p>\u00a0\u00a0\u00a0\u00a0\u00a0\u00a0\u00a0<\/p>\n\n\n\n<p><\/p>","protected":false},"excerpt":{"rendered":"<p>UAB Gele\u017einkelio tiesimo centras veikl\u0105 vykdo vadovaudamasi nulin\u0117s tolerancijos korupcijai principu, rei\u0161kian\u010diu, kad bendrov\u0117je netoleruojamos bet kokios formos korupcijos aprai\u0161kos (interes\u0173 konfliktai, ky\u0161ininkavimas, piktnaud\u017eiavimas pareigomis, neteis\u0117tas dovan\u0173 pri\u0117mimas ir kt.).<\/p>","protected":false},"author":1,"featured_media":0,"parent":0,"menu_order":0,"comment_status":"open","ping_status":"closed","template":"","meta":{"footnotes":""},"_links":{"self":[{"href":"https:\/\/www.gtc.lt\/w\/en\/wp-json\/wp\/v2\/pages\/15530"}],"collection":[{"href":"https:\/\/www.gtc.lt\/w\/en\/wp-json\/wp\/v2\/pages"}],"about":[{"href":"https:\/\/www.gtc.lt\/w\/en\/wp-json\/wp\/v2\/types\/page"}],"author":[{"embeddable":true,"href":"https:\/\/www.gtc.lt\/w\/en\/wp-json\/wp\/v2\/users\/1"}],"replies":[{"embeddable":true,"href":"https:\/\/www.gtc.lt\/w\/en\/wp-json\/wp\/v2\/comments?post=15530"}],"version-history":[{"count":0,"href":"https:\/\/www.gtc.lt\/w\/en\/wp-json\/wp\/v2\/pages\/15530\/revisions"}],"wp:attachment":[{"href":"https:\/\/www.gtc.lt\/w\/en\/wp-json\/wp\/v2\/media?parent=15530"}],"curies":[{"name":"wp","href":"https:\/\/api.w.org\/{rel}","templated":true}]}}