{"id":15569,"date":"2020-03-30T10:26:19","date_gmt":"2020-03-30T12:26:19","guid":{"rendered":"https:\/\/gtc.lt\/w\/?page_id=15569"},"modified":"2026-01-08T10:18:42","modified_gmt":"2026-01-08T12:18:42","slug":"misija-ir-strategija","status":"publish","type":"page","link":"https:\/\/www.gtc.lt\/w\/en\/misija-ir-strategija\/","title":{"rendered":"Mission, Vision, and Strategy"},"content":{"rendered":"<section class=\"wpb-content-wrapper\"><div  class=\"vc_row vc-row-wrapper\" data-parallax_sense=\"30\"><div class=\"wpb_row row\" >\n\t<div class=\"twelve columns vc-column-extra-class-69eb8a623dca7\" data-parallax_sense=\"30\">\n\t\t<div class=\"wpb_wrapper\">\n\t\t\t\n\t<div class=\"wpb_text_column wpb_content_element\" >\n\t\t<div class=\"wpb_wrapper\">\n\t\t\t<div class=\"wp-block-group is-layout-constrained wp-block-group-is-layout-constrained\">\n<div class=\"wp-block-group__inner-container\">\n<div class=\"wp-block-group is-content-justification-center is-nowrap is-layout-flex wp-container-core-group-layout-1 wp-block-group-is-layout-flex\">\n<div class=\"wp-block-columns is-layout-flex wp-container-core-columns-layout-1 wp-block-columns-is-layout-flex\">\n<div class=\"wp-block-column is-layout-flow wp-block-column-is-layout-flow\">\n<figure class=\"wp-block-image size-full is-resized\"><img loading=\"lazy\" decoding=\"async\" width=\"389\" height=\"338\" class=\"wp-image-17062\" style=\"width: 417px; height: auto;\" src=\"https:\/\/www.gtc.lt\/w\/wp-content\/uploads\/2025\/07\/Mission.png\" alt=\"\" srcset=\"https:\/\/www.gtc.lt\/w\/wp-content\/uploads\/2025\/07\/Mission.png 389w, https:\/\/www.gtc.lt\/w\/wp-content\/uploads\/2025\/07\/Mission-300x261.png 300w, https:\/\/www.gtc.lt\/w\/wp-content\/uploads\/2025\/07\/Mission-14x12.png 14w\" sizes=\"(max-width: 389px) 100vw, 389px\" \/><\/figure>\n<div class=\"wp-block-spacer\" style=\"height: 16px;\" aria-hidden=\"true\">\u00a0<\/div>\n<p class=\"has-text-align-center has-medium-font-size\"><strong>Connecting people and businesses for a more sustainable future<\/strong><\/p>\n<\/div>\n<\/div>\n<hr class=\"wp-block-separator has-alpha-channel-opacity\" \/>\n<hr class=\"wp-block-separator has-alpha-channel-opacity\" \/>\n<hr class=\"wp-block-separator has-alpha-channel-opacity\" \/>\n<hr class=\"wp-block-separator has-alpha-channel-opacity\" \/>\n<hr class=\"wp-block-separator has-alpha-channel-opacity\" \/>\n<hr class=\"wp-block-separator has-alpha-channel-opacity\" \/>\n<hr class=\"wp-block-separator has-alpha-channel-opacity\" \/>\n<div class=\"wp-block-columns is-layout-flex wp-container-core-columns-layout-2 wp-block-columns-is-layout-flex\">\n<div class=\"wp-block-column is-layout-flow wp-block-column-is-layout-flow\">\n<figure class=\"wp-block-image size-full is-resized\"><img loading=\"lazy\" decoding=\"async\" width=\"372\" height=\"349\" class=\"wp-image-17064\" style=\"width: 401px; height: auto;\" src=\"https:\/\/www.gtc.lt\/w\/wp-content\/uploads\/2025\/07\/Vision.png\" alt=\"\" srcset=\"https:\/\/www.gtc.lt\/w\/wp-content\/uploads\/2025\/07\/Vision.png 389w, https:\/\/www.gtc.lt\/w\/wp-content\/uploads\/2025\/07\/Vision-300x261.png 300w, https:\/\/www.gtc.lt\/w\/wp-content\/uploads\/2025\/07\/Vision-14x12.png 14w\" sizes=\"(max-width: 372px) 100vw, 372px\" \/><\/figure>\n<div class=\"wp-block-spacer\" style=\"height: 1px;\" aria-hidden=\"true\">\u00a0<\/div>\n<p class=\"has-text-align-center has-medium-font-size\"><strong>To be the backbone of the transportation system<\/strong><\/p>\n<\/div>\n<\/div>\n<hr class=\"wp-block-separator has-alpha-channel-opacity\" \/><\/div>\n<div class=\"wp-block-group is-layout-constrained wp-block-group-is-layout-constrained\">\n<div class=\"wp-block-group__inner-container\">\n<div class=\"wp-block-group is-content-justification-center is-nowrap is-layout-flex wp-container-core-group-layout-3 wp-block-group-is-layout-flex\">\n<div class=\"wp-block-group is-nowrap is-layout-flex wp-container-core-group-layout-2 wp-block-group-is-layout-flex\">\n<hr class=\"wp-block-separator has-alpha-channel-opacity\" \/>\n<hr class=\"wp-block-separator has-alpha-channel-opacity\" \/>\n<hr class=\"wp-block-separator has-alpha-channel-opacity\" \/>\n<hr class=\"wp-block-separator has-alpha-channel-opacity\" \/>\n<hr class=\"wp-block-separator has-alpha-channel-opacity\" \/>\n<hr class=\"wp-block-separator has-alpha-channel-opacity\" \/>\n<hr class=\"wp-block-separator has-alpha-channel-opacity\" \/>\n<hr class=\"wp-block-separator has-alpha-channel-opacity\" \/>\n<hr class=\"wp-block-separator has-alpha-channel-opacity\" \/>\n<hr class=\"wp-block-separator has-alpha-channel-opacity\" \/>\n<hr class=\"wp-block-separator has-alpha-channel-opacity\" \/>\n<hr class=\"wp-block-separator has-alpha-channel-opacity\" \/>\n<hr class=\"wp-block-separator has-alpha-channel-opacity\" \/>\n<hr class=\"wp-block-separator has-alpha-channel-opacity\" \/>\n<hr class=\"wp-block-separator has-alpha-channel-opacity\" \/>\n<hr class=\"wp-block-separator has-alpha-channel-opacity\" \/>\n<hr class=\"wp-block-separator has-alpha-channel-opacity\" \/>\n<hr class=\"wp-block-separator has-alpha-channel-opacity\" \/>\n<hr class=\"wp-block-separator has-alpha-channel-opacity\" \/>\n<hr class=\"wp-block-separator has-alpha-channel-opacity\" \/>\n<hr class=\"wp-block-separator has-alpha-channel-opacity\" \/>\n<hr class=\"wp-block-separator has-alpha-channel-opacity\" \/>\n<hr class=\"wp-block-separator has-alpha-channel-opacity\" \/>\n<hr class=\"wp-block-separator has-alpha-channel-opacity\" \/>\n<hr class=\"wp-block-separator has-alpha-channel-opacity\" \/>\n<hr class=\"wp-block-separator has-alpha-channel-opacity\" \/>\n<hr class=\"wp-block-separator has-alpha-channel-opacity\" \/>\n<hr class=\"wp-block-separator has-alpha-channel-opacity\" \/><\/div>\n<\/div>\n<\/div>\n<\/div>\n<div class=\"wp-block-spacer\" style=\"height: 39px;\" aria-hidden=\"true\">\u00a0<\/div>\n<div class=\"wp-block-image\">\n<figure class=\"aligncenter size-large\"><img loading=\"lazy\" decoding=\"async\" width=\"1024\" height=\"223\" class=\"wp-image-17066\" src=\"https:\/\/www.gtc.lt\/w\/wp-content\/uploads\/2025\/07\/Values.jpg\" alt=\"\" srcset=\"https:\/\/www.gtc.lt\/w\/wp-content\/uploads\/2025\/07\/Values.jpg 1126w, https:\/\/www.gtc.lt\/w\/wp-content\/uploads\/2025\/07\/Values-300x65.jpg 300w, https:\/\/www.gtc.lt\/w\/wp-content\/uploads\/2025\/07\/Values-1024x223.jpg 1024w, https:\/\/www.gtc.lt\/w\/wp-content\/uploads\/2025\/07\/Values-768x167.jpg 768w, https:\/\/www.gtc.lt\/w\/wp-content\/uploads\/2025\/07\/Values-18x4.jpg 18w\" sizes=\"(max-width: 1024px) 100vw, 1024px\" \/><\/figure>\n<\/div>\n<\/div>\n<\/div>\n<p>\u00a0<\/p>\n<div class=\"wp-block-spacer\" style=\"height: 105px;\" aria-hidden=\"true\">\u00a0<\/div>\n<p>\u00a0<\/p>\n<h2 class=\"wp-block-heading has-text-align-center has-white-color has-text-color has-background has-link-color has-medium-font-size wp-elements-b4f0db47453edfce0c39adb64fbb5cb2\" style=\"background-color: #003e60; font-style: normal; font-weight: 600;\"><strong>STRATEGY<\/strong><\/h2>\n<p>\u00a0<\/p>\n<div class=\"wp-block-spacer\" style=\"height: 18px;\" aria-hidden=\"true\">\u00a0<\/div>\n<p>\u00a0<\/p>\n<p class=\"has-text-align-center\">To focus on the most important aspects of its operations, UAB Gele\u017einkelio tiesimo centras is developing its activities along five strategic directions: operational efficiency, business development, the Green Deal, strengthening business resilience, and fostering an inclusive organizational culture. The 2025 strategy was prepared by conducting an environmental factors analysis and evaluating the company\u2019s strengths and weaknesses. <a href=\"https:\/\/www.gtc.lt\/w\/wp-content\/uploads\/2026\/01\/Final-GTC_Strategijos-komunikacija_atnaujinta.pdf\">2025 m. strategija<\/a> parengta atliekant aplinkos veiksni\u0173 analiz\u0119, vertinant bendrov\u0117s stiprybes ir silpnybes.<\/p>\n<p>\u00a0<\/p>\n<div class=\"wp-block-image\">\n<figure class=\"aligncenter size-full\"><img loading=\"lazy\" decoding=\"async\" width=\"890\" height=\"582\" class=\"wp-image-17070\" src=\"https:\/\/www.gtc.lt\/w\/wp-content\/uploads\/2025\/07\/Strategy_n.jpg\" alt=\"\" srcset=\"https:\/\/www.gtc.lt\/w\/wp-content\/uploads\/2025\/07\/Strategy_n.jpg 890w, https:\/\/www.gtc.lt\/w\/wp-content\/uploads\/2025\/07\/Strategy_n-300x196.jpg 300w, https:\/\/www.gtc.lt\/w\/wp-content\/uploads\/2025\/07\/Strategy_n-768x502.jpg 768w, https:\/\/www.gtc.lt\/w\/wp-content\/uploads\/2025\/07\/Strategy_n-18x12.jpg 18w\" sizes=\"(max-width: 890px) 100vw, 890px\" \/><\/figure>\n<\/div>\n<p>\u00a0<\/p>\n\n\t\t<\/div> \n\t<\/div> \n\t\t<\/div> \n\t<\/div> \n<\/div><div class=\"dfd-row-bg-overlay\" style=\"opacity: 0.8;\"><\/div><\/div><\/section>","protected":false},"excerpt":{"rendered":"\u00a0 Jungti \u017emones ir verslus tvaresnei atei\u010diai \u00a0 B\u016bti transporto sistemos stuburu \u00a0 \u00a0 \u00a0 \u00a0 STRATEGIJA \u00a0 \u00a0 \u00a0 Siekdama susitelkti \u012f svarbiausius veiklos aspektus, UAB \"Gele\u017einkelio tiesimo centras\"","protected":false},"author":1,"featured_media":0,"parent":0,"menu_order":0,"comment_status":"open","ping_status":"closed","template":"","meta":{"footnotes":""},"_links":{"self":[{"href":"https:\/\/www.gtc.lt\/w\/en\/wp-json\/wp\/v2\/pages\/15569"}],"collection":[{"href":"https:\/\/www.gtc.lt\/w\/en\/wp-json\/wp\/v2\/pages"}],"about":[{"href":"https:\/\/www.gtc.lt\/w\/en\/wp-json\/wp\/v2\/types\/page"}],"author":[{"embeddable":true,"href":"https:\/\/www.gtc.lt\/w\/en\/wp-json\/wp\/v2\/users\/1"}],"replies":[{"embeddable":true,"href":"https:\/\/www.gtc.lt\/w\/en\/wp-json\/wp\/v2\/comments?post=15569"}],"version-history":[{"count":0,"href":"https:\/\/www.gtc.lt\/w\/en\/wp-json\/wp\/v2\/pages\/15569\/revisions"}],"wp:attachment":[{"href":"https:\/\/www.gtc.lt\/w\/en\/wp-json\/wp\/v2\/media?parent=15569"}],"curies":[{"name":"wp","href":"https:\/\/api.w.org\/{rel}","templated":true}]}}