{"id":15588,"date":"2020-03-31T14:31:35","date_gmt":"2020-03-31T16:31:35","guid":{"rendered":"https:\/\/gtc.lt\/w\/?page_id=15588"},"modified":"2026-03-16T09:27:47","modified_gmt":"2026-03-16T11:27:47","slug":"vadovai","status":"publish","type":"page","link":"https:\/\/www.gtc.lt\/w\/en\/vadovai\/","title":{"rendered":"Management"},"content":{"rendered":"<section class=\"wpb-content-wrapper\"><div  class=\"vc_row vc-row-wrapper\" data-parallax_sense=\"30\"><div class=\"wpb_row row\" >\n\t<div class=\"twelve columns vc-column-extra-class-69eb8aba7fbee\" data-parallax_sense=\"30\">\n\t\t<div class=\"wpb_wrapper\">\n\t\t\t\n\t<div class=\"wpb_text_column wpb_content_element\" >\n\t\t<div class=\"wpb_wrapper\">\n\t\t\t<figure class=\"wp-block-table is-style-stripes\">\n<table class=\"has-fixed-layout\">\n<tbody>\n<tr>\n<td class=\"has-text-align-right\" data-align=\"right\"><img loading=\"lazy\" decoding=\"async\" class=\"alignnone wp-image-17147 size-full\" src=\"https:\/\/www.gtc.lt\/w\/wp-content\/uploads\/2025\/02\/A-person-in-a-suit-and-tie__Description-automatically-generated.png\" alt=\"\" width=\"512\" height=\"617\" srcset=\"https:\/\/www.gtc.lt\/w\/wp-content\/uploads\/2025\/02\/A-person-in-a-suit-and-tie__Description-automatically-generated.png 512w, https:\/\/www.gtc.lt\/w\/wp-content\/uploads\/2025\/02\/A-person-in-a-suit-and-tie__Description-automatically-generated-249x300.png 249w\" sizes=\"(max-width: 512px) 100vw, 512px\" \/><\/td>\n<td>\n<p><strong>Rolandas Zabilevi\u010dius<\/strong><\/p>\n<p>Gele\u017einkelio Tiesimo Centras<br \/>Chief Executive Officer<\/p>\n<p>Contact: (+370) 685 10048<\/p>\n<p>Rolandas brings extensive leadership experience to the LTG Group. <span data-teams=\"true\">From 2021 to 2023, he was the CEO of AB Panev\u0117\u017eio Keliai, successfully leading the company through a challenging and demanding period, ensuring stable and effective operations. Prior to becoming CEO, he held the position of Commercial Director at AB Panev\u0117\u017eio Keliai from 2000 to 2021, where he gained valuable expertise in commerce, led key projects, and contributed significantly to business development.<\/span><\/p>\n<p>He holds a Master\u2019s degree in Management and Business Administration from Kaunas University of Technology.<\/p>\n<p>Rolandas has held his current position since June 17, 2024.<\/p>\n<\/td>\n<\/tr>\n<\/tbody>\n<\/table>\n<\/figure>\n<p>&nbsp;<\/p>\n<p>&nbsp;<\/p>\n\n\t\t<\/div> \n\t<\/div> \n\t\t<\/div> \n\t<\/div> \n<\/div><div class=\"dfd-row-bg-overlay\" style=\"opacity: 0.8;\"><\/div><\/div><div  class=\"vc_row vc-row-wrapper\" data-parallax_sense=\"30\"><div class=\"wpb_row row\" >\n\t<div class=\"twelve columns vc-column-extra-class-69eb8aba805c3\" data-parallax_sense=\"30\">\n\t\t<div class=\"wpb_wrapper\">\n\t\t\t\n\t<div class=\"wpb_text_column wpb_content_element\" >\n\t\t<div class=\"wpb_wrapper\">\n\t\t\t<p>\u00a0<\/p>\n<p>\u00a0<\/p>\n<p class=\"has-vivid-cyan-blue-color has-text-color\"><strong>TOP-LEVEL MANAGERS<\/strong><\/p>\n<table>\n<tbody>\n<tr>\n<td width=\"312\"><strong>Nerijus \u017d<\/strong><strong>\u0117<\/strong><strong>kas<\/strong><br \/>Head of Project Management and Engineering<\/td>\n<td width=\"312\">Holds office from 07 July 2023<\/td>\n<\/tr>\n<tr>\n<td width=\"312\"><strong>Darius Silius<br \/><\/strong>Head of Production<\/td>\n<td width=\"312\">Holds office from 14 August 2023<\/td>\n<\/tr>\n<tr>\n<td width=\"312\"><strong>Andrius Latvys<br \/><\/strong>Finans\u0173 ir strategijos vadovas<\/td>\n<td width=\"312\">Pareigas eina nuo 2025 09 01<\/td>\n<\/tr>\n<tr>\n<td width=\"312\">\u00a0<\/td>\n<td width=\"312\">\u00a0<\/td>\n<\/tr>\n<tr>\n<td width=\"312\">\u00a0<\/td>\n<td width=\"312\">\u00a0<\/td>\n<\/tr>\n<tr>\n<td width=\"312\">\u00a0<\/td>\n<td width=\"312\">\u00a0<\/td>\n<\/tr>\n<\/tbody>\n<\/table>\n<p>\u00a0<\/p>\n\n\t\t<\/div> \n\t<\/div> \n\t\t<\/div> \n\t<\/div> \n<\/div><div class=\"dfd-row-bg-overlay\" style=\"opacity: 0.8;\"><\/div><\/div><\/section>","protected":false},"excerpt":{"rendered":"Rolandas Zabilevi\u010dius UAB Gele\u017einkelio tiesimo centrasGeneralinis direktorius Kontaktai (+370)68510048 Rolandas \u012f LTG Grup\u0119 atsine\u0161a ilgamet\u0119 patirt\u012f \u012fvairiose vadovaujamose pozicijose. Nuo 2021 m. iki 2023 m. jis buvo AB \u201ePanev\u0117\u017eio keliai\u201d","protected":false},"author":1,"featured_media":0,"parent":0,"menu_order":0,"comment_status":"open","ping_status":"closed","template":"","meta":{"footnotes":""},"_links":{"self":[{"href":"https:\/\/www.gtc.lt\/w\/en\/wp-json\/wp\/v2\/pages\/15588"}],"collection":[{"href":"https:\/\/www.gtc.lt\/w\/en\/wp-json\/wp\/v2\/pages"}],"about":[{"href":"https:\/\/www.gtc.lt\/w\/en\/wp-json\/wp\/v2\/types\/page"}],"author":[{"embeddable":true,"href":"https:\/\/www.gtc.lt\/w\/en\/wp-json\/wp\/v2\/users\/1"}],"replies":[{"embeddable":true,"href":"https:\/\/www.gtc.lt\/w\/en\/wp-json\/wp\/v2\/comments?post=15588"}],"version-history":[{"count":0,"href":"https:\/\/www.gtc.lt\/w\/en\/wp-json\/wp\/v2\/pages\/15588\/revisions"}],"wp:attachment":[{"href":"https:\/\/www.gtc.lt\/w\/en\/wp-json\/wp\/v2\/media?parent=15588"}],"curies":[{"name":"wp","href":"https:\/\/api.w.org\/{rel}","templated":true}]}}