{"id":15750,"date":"2020-10-27T10:45:19","date_gmt":"2020-10-27T12:45:19","guid":{"rendered":"https:\/\/gtc.lt\/w\/?page_id=15750"},"modified":"2025-07-15T11:21:31","modified_gmt":"2025-07-15T13:21:31","slug":"masinistu-mokymo-centras","status":"publish","type":"page","link":"https:\/\/www.gtc.lt\/w\/en\/masinistu-mokymo-centras\/","title":{"rendered":"Train driver training centers"},"content":{"rendered":"<p><\/p>\n\n\n\n<p><a href=\"https:\/\/gtc.lt\/w\/wp-content\/uploads\/2020\/12\/Traukinio-mainist-sertifikavimo-tvarkos-apraas-GTC.pdf\">Full Train Driver Certification Procedure Description (origibal language)<\/a><\/p>\n\n\n\n<p>As of March 24, 2020, a Train Driver Training Center began operating at UAB Gele\u017einkelio Tiesimo Centras. By decision of the Services Department of the Lithuanian Transport Safety Administration, the Company was granted the right to train individuals seeking to obtain or supplement a train driver certificate.\n\nThe theoretical and practical training program for train drivers intending to operate specialized railway rolling stock can be reviewed below (original language).<\/p>\n\n\n<a href=\"https:\/\/www.gtc.lt\/w\/wp-content\/uploads\/2020\/10\/Ma\u0161inist\u0173-mokymo-planas.pdf\" class=\"pdfemb-viewer\" style=\"\" data-width=\"max\" data-height=\"max\" data-toolbar=\"bottom\" data-toolbar-fixed=\"off\">Ma\u0161inist\u0173-mokymo-planas<\/a>\n<p class=\"wp-block-pdfemb-pdf-embedder-viewer\"><\/p>","protected":false},"excerpt":{"rendered":"<p>TRAUKINIO MA\u0160INIST\u0172 SERTIFIKAVIMO TVARKOS APRA\u0160AS (PDF failas) Nuo 2020 m. kovo 24 d. UAB Gele\u017einkelio tiesimo centre prad\u0117jo veikti traukinio ma\u0161inist\u0173 mokymo centras. Lietuvos transporto saugos administracijos Paslaug\u0173 departamento sprendimu<\/p>","protected":false},"author":1,"featured_media":0,"parent":0,"menu_order":0,"comment_status":"open","ping_status":"closed","template":"","meta":{"footnotes":""},"_links":{"self":[{"href":"https:\/\/www.gtc.lt\/w\/en\/wp-json\/wp\/v2\/pages\/15750"}],"collection":[{"href":"https:\/\/www.gtc.lt\/w\/en\/wp-json\/wp\/v2\/pages"}],"about":[{"href":"https:\/\/www.gtc.lt\/w\/en\/wp-json\/wp\/v2\/types\/page"}],"author":[{"embeddable":true,"href":"https:\/\/www.gtc.lt\/w\/en\/wp-json\/wp\/v2\/users\/1"}],"replies":[{"embeddable":true,"href":"https:\/\/www.gtc.lt\/w\/en\/wp-json\/wp\/v2\/comments?post=15750"}],"version-history":[{"count":0,"href":"https:\/\/www.gtc.lt\/w\/en\/wp-json\/wp\/v2\/pages\/15750\/revisions"}],"wp:attachment":[{"href":"https:\/\/www.gtc.lt\/w\/en\/wp-json\/wp\/v2\/media?parent=15750"}],"curies":[{"name":"wp","href":"https:\/\/api.w.org\/{rel}","templated":true}]}}