{"id":16496,"date":"2021-11-09T07:31:05","date_gmt":"2021-11-09T09:31:05","guid":{"rendered":"https:\/\/gtc.lt\/w\/?page_id=16496"},"modified":"2025-07-15T11:21:45","modified_gmt":"2025-07-15T13:21:45","slug":"praneseju-apsauga","status":"publish","type":"page","link":"https:\/\/www.gtc.lt\/w\/en\/praneseju-apsauga\/","title":{"rendered":"Whistleblower Protection"},"content":{"rendered":"<p>The Law on the Protection of Whistleblowers of the Republic of Lithuania establishes a mechanism for the protection of persons who have provided information on an irregularity in an institution with which they are or have been bound by service, employment or contractual relations. The Law also establishes the rights and obligations of persons who report infringements in institutions, the grounds and forms of their legal protection, and measures to protect, encourage and assist such persons, in order to provide adequate opportunities for the reporting of infringements of the law that threaten or violate the public interest, and to ensure the prevention and disclosure of such infringements.<\/p>\n\n\n\n<p><a href=\"https:\/\/ltg.lt\/en\/protection-of-whistleblowers\/\"><strong>Learn more<\/strong><\/a><\/p>\n\n\n\n<figure class=\"wp-block-image\"><img decoding=\"async\" src=\"blob:https:\/\/www.gtc.lt\/9675b716-cb1a-4e31-9253-c4492415960d\" alt=\"\"\/><\/figure>\n\n\n\n<hr class=\"wp-block-separator has-css-opacity\"\/>\n\n\n\n<p><\/p>","protected":false},"excerpt":{"rendered":"<p>Lietuvos Respublikos prane\u0161\u0117j\u0173 apsaugos \u012fstatymas (toliau \u2013 \u012estatymas) \u012ftvirtina asmen\u0173, pateikusi\u0173 informacij\u0105 apie pa\u017eeidim\u0105 \u012fstaigoje, su kuria juos sieja ar siejo tarnybos ar darbo santykiai arba sutartiniai santykiai, apsaugos mechanizm\u0105.<\/p>","protected":false},"author":1,"featured_media":0,"parent":0,"menu_order":0,"comment_status":"open","ping_status":"closed","template":"","meta":{"footnotes":""},"_links":{"self":[{"href":"https:\/\/www.gtc.lt\/w\/en\/wp-json\/wp\/v2\/pages\/16496"}],"collection":[{"href":"https:\/\/www.gtc.lt\/w\/en\/wp-json\/wp\/v2\/pages"}],"about":[{"href":"https:\/\/www.gtc.lt\/w\/en\/wp-json\/wp\/v2\/types\/page"}],"author":[{"embeddable":true,"href":"https:\/\/www.gtc.lt\/w\/en\/wp-json\/wp\/v2\/users\/1"}],"replies":[{"embeddable":true,"href":"https:\/\/www.gtc.lt\/w\/en\/wp-json\/wp\/v2\/comments?post=16496"}],"version-history":[{"count":0,"href":"https:\/\/www.gtc.lt\/w\/en\/wp-json\/wp\/v2\/pages\/16496\/revisions"}],"wp:attachment":[{"href":"https:\/\/www.gtc.lt\/w\/en\/wp-json\/wp\/v2\/media?parent=16496"}],"curies":[{"name":"wp","href":"https:\/\/api.w.org\/{rel}","templated":true}]}}