{"id":17,"date":"2012-02-26T22:54:12","date_gmt":"2012-02-26T20:54:12","guid":{"rendered":"http:\/\/gtc.atstovas.lt\/?page_id=17"},"modified":"2025-07-15T11:22:01","modified_gmt":"2025-07-15T13:22:01","slug":"kontaktai","status":"publish","type":"page","link":"https:\/\/www.gtc.lt\/w\/en\/kontaktai\/","title":{"rendered":"CONTACTS AND COMPANY DETAILS"},"content":{"rendered":"<section class=\"wpb-content-wrapper\"><div  class=\"vc_row vc-row-wrapper\" data-parallax_sense=\"30\"><div class=\"wpb_row row\" >\n\t<div class=\"twelve columns vc-column-extra-class-69ec944180534\" data-parallax_sense=\"30\">\n\t\t<div class=\"wpb_wrapper\">\n\t\t\t\n\t<div class=\"wpb_text_column wpb_content_element\" >\n\t\t<div class=\"wpb_wrapper\">\n\t\t\t<p style=\"text-align: center;\"><strong>Gele\u017einkelio Tiesimo Centras<\/strong><br \/>\nSpecializing in all types of railway track repair and new railway track construction.<\/p>\n\n\t\t<\/div> \n\t<\/div> \n\t<div class=\"wpb_text_column wpb_content_element\" >\n\t\t<div class=\"wpb_wrapper\">\n\t\t\t<p style=\"text-align: center;\">Data on a legal entity is collected and stored in the Register of Legal Entities of the Republic of Lithuania.<br \/>\nCompany code: <em>181628163<\/em> \u00a0\u00a0VAT identification number: <em>LT816281610<\/em><br \/>\nA.s.\u00a0<em>LT707044060000401776, <\/em>AB SEB bankas (bank code <em>704400<\/em>)<br \/>\n<strong>Address for correspondence:\u202fPelesos St 10, 02111 Vilnius<\/strong><br \/>\n<a href=\"https:\/\/www.gtc.lt\/w\/en\/\"><strong>www.gtc.lt<\/strong><\/a><\/p>\n<p>&nbsp;<\/p>\n\n\t\t<\/div> \n\t<\/div> <div class=\"vc_separator wpb_content_element vc_separator_align_center vc_sep_width_100 vc_sep_pos_align_center vc_separator_no_text vc_sep_color_grey\" ><span class=\"vc_sep_holder vc_sep_holder_l\"><span class=\"vc_sep_line\"><\/span><\/span><span class=\"vc_sep_holder vc_sep_holder_r\"><span class=\"vc_sep_line\"><\/span><\/span>\n<\/div><div class=\"vc-row-wrapper vc_inner vc_row-fluid dfd-inner-row-69ec944181397\"><div class=\"row wpb_row\"><div class=\"vc-column-hover-69ec944181713 columns twelve\"><div class=\"wpb_wrapper\">\n\t<div class=\"wpb_text_column wpb_content_element\" >\n\t\t<div class=\"wpb_wrapper\">\n\t\t\t<p style=\"text-align: center;\"><strong>Lentvaris Production Base<\/strong><br \/>\nTrikampio St 10, LT-25112 Lentvaris, Trakai District Municipality<br \/>\nPh: +370 655 37023<\/p>\n\n\t\t<\/div> \n\t<\/div> <\/div><\/div><\/div><\/div><div class=\"vc_separator wpb_content_element vc_separator_align_center vc_sep_width_100 vc_sep_pos_align_center vc_separator_no_text vc_sep_color_grey\" ><span class=\"vc_sep_holder vc_sep_holder_l\"><span class=\"vc_sep_line\"><\/span><\/span><span class=\"vc_sep_holder vc_sep_holder_r\"><span class=\"vc_sep_line\"><\/span><\/span>\n<\/div>\n\t\t<\/div> \n\t<\/div> \n<\/div><div class=\"dfd-row-bg-overlay\" style=\"opacity: 0.8;\"><\/div><\/div><div  class=\"vc_row vc-row-wrapper vc_custom_1459847147526\" data-parallax_sense=\"30\"><div class=\"wpb_row row\" >\n\t<div class=\"twelve columns vc-column-extra-class-69ec9441821cd\" data-parallax_sense=\"30\">\n\t\t<div class=\"wpb_wrapper\">\n\t\t\t\n\t<div class=\"wpb_text_column wpb_content_element\" >\n\t\t<div class=\"wpb_wrapper\">\n\t\t\t<p style=\"text-align: center;\"><strong>\u0160il\u0117nai Production Base<\/strong><br \/>\nGele\u017einkelio St 20, LT-80133 \u0160il\u0117nai Village, \u0160iauliai District Municipality<\/p>\n\n\t\t<\/div> \n\t<\/div> <div class=\"vc-row-wrapper vc_inner vc_row-fluid dfd-inner-row-69ec94418254d\"><div class=\"row wpb_row\"><div class=\"vc-column-hover-69ec94418274f columns twelve\"><div class=\"wpb_wrapper\"><div class=\"vc_separator wpb_content_element vc_separator_align_center vc_sep_width_100 vc_sep_pos_align_center vc_separator_no_text vc_sep_color_grey\" ><span class=\"vc_sep_holder vc_sep_holder_l\"><span class=\"vc_sep_line\"><\/span><\/span><span class=\"vc_sep_holder vc_sep_holder_r\"><span class=\"vc_sep_line\"><\/span><\/span>\n<\/div><div class=\"vc_empty_space\"   style=\"height: 320px\"><span class=\"vc_empty_space_inner\"><\/span><\/div><\/div><\/div><\/div><\/div>\n\t\t<\/div> \n\t<\/div> \n<\/div><div class=\"dfd-row-bg-overlay\" style=\"opacity: 0.8;\"><\/div><\/div>\n<\/section>","protected":false},"excerpt":{"rendered":"UAB Gele\u017einkelio tiesimo centras Gele\u017einkelio keli\u0173 vis\u0173 r\u016b\u0161i\u0173 remontas, naujo gele\u017einkelio kelio statyba Duomenys kaupiami ir saugomi Juridini\u0173 asmen\u0173 registre \u012emon\u0117s kodas 181628163 \u00a0\u00a0PVM mok\u0117tojo kodas LT816281610 A.s.\u00a0LT707044060000401776, AB SEB","protected":false},"author":1,"featured_media":0,"parent":0,"menu_order":5,"comment_status":"closed","ping_status":"closed","template":"","meta":{"footnotes":""},"_links":{"self":[{"href":"https:\/\/www.gtc.lt\/w\/en\/wp-json\/wp\/v2\/pages\/17"}],"collection":[{"href":"https:\/\/www.gtc.lt\/w\/en\/wp-json\/wp\/v2\/pages"}],"about":[{"href":"https:\/\/www.gtc.lt\/w\/en\/wp-json\/wp\/v2\/types\/page"}],"author":[{"embeddable":true,"href":"https:\/\/www.gtc.lt\/w\/en\/wp-json\/wp\/v2\/users\/1"}],"replies":[{"embeddable":true,"href":"https:\/\/www.gtc.lt\/w\/en\/wp-json\/wp\/v2\/comments?post=17"}],"version-history":[{"count":0,"href":"https:\/\/www.gtc.lt\/w\/en\/wp-json\/wp\/v2\/pages\/17\/revisions"}],"wp:attachment":[{"href":"https:\/\/www.gtc.lt\/w\/en\/wp-json\/wp\/v2\/media?parent=17"}],"curies":[{"name":"wp","href":"https:\/\/api.w.org\/{rel}","templated":true}]}}