{"id":17013,"date":"2024-05-29T12:07:33","date_gmt":"2024-05-29T14:07:33","guid":{"rendered":"https:\/\/www.gtc.lt\/w\/?page_id=17013"},"modified":"2025-07-15T11:21:45","modified_gmt":"2025-07-15T13:21:45","slug":"tvarumas","status":"publish","type":"page","link":"https:\/\/www.gtc.lt\/w\/en\/tvarumas\/","title":{"rendered":"Sustainability"},"content":{"rendered":"<p>As a member of the LTG Group, UAB Gele\u017einkelio Tiesimo Centras places special emphasis on sustainability.<br><a href=\"https:\/\/ltg.lt\/tvarumas\/\" data-type=\"link\" data-id=\"https:\/\/ltg.lt\/tvarumas\/\"><strong>Learn more about LTG\u2019s sustainability efforts https:\/\/ltg.lt\/en\/sustainability.<\/strong><\/a><\/p>","protected":false},"excerpt":{"rendered":"<p>Kaip LTG grup\u0117s narys UAB Gele\u017einkelio tiesimo centras skiria ypatingai daug d\u0117mesio tvarumui.Daugiau apie tvarum\u0105 LTG&#8230;<\/p>","protected":false},"author":15,"featured_media":0,"parent":0,"menu_order":0,"comment_status":"closed","ping_status":"closed","template":"","meta":{"footnotes":""},"_links":{"self":[{"href":"https:\/\/www.gtc.lt\/w\/en\/wp-json\/wp\/v2\/pages\/17013"}],"collection":[{"href":"https:\/\/www.gtc.lt\/w\/en\/wp-json\/wp\/v2\/pages"}],"about":[{"href":"https:\/\/www.gtc.lt\/w\/en\/wp-json\/wp\/v2\/types\/page"}],"author":[{"embeddable":true,"href":"https:\/\/www.gtc.lt\/w\/en\/wp-json\/wp\/v2\/users\/15"}],"replies":[{"embeddable":true,"href":"https:\/\/www.gtc.lt\/w\/en\/wp-json\/wp\/v2\/comments?post=17013"}],"version-history":[{"count":0,"href":"https:\/\/www.gtc.lt\/w\/en\/wp-json\/wp\/v2\/pages\/17013\/revisions"}],"wp:attachment":[{"href":"https:\/\/www.gtc.lt\/w\/en\/wp-json\/wp\/v2\/media?parent=17013"}],"curies":[{"name":"wp","href":"https:\/\/api.w.org\/{rel}","templated":true}]}}