{"id":234,"date":"2012-05-03T12:46:47","date_gmt":"2012-05-03T10:46:47","guid":{"rendered":"http:\/\/temp.gtc.lt\/?page_id=234"},"modified":"2025-07-15T11:22:01","modified_gmt":"2025-07-15T13:22:01","slug":"karjera","status":"publish","type":"page","link":"https:\/\/www.gtc.lt\/w\/en\/karjera\/","title":{"rendered":"CAREER"},"content":{"rendered":"<section class=\"wpb-content-wrapper\"><div  class=\"vc_row vc-row-wrapper\" data-parallax_sense=\"30\"><div class=\"wpb_row row\" >\n\t<div class=\"twelve columns vc-column-extra-class-69eb999a5bf36\" data-parallax_sense=\"30\">\n\t\t<div class=\"wpb_wrapper\">\n\t\t\t\n\t<div class=\"wpb_text_column wpb_content_element\" >\n\t\t<div class=\"wpb_wrapper\">\n\t\t\t<p style=\"text-align: left;\">Our company is always looking for highly qualified professionals as well as motivated individuals eager to gain experience and grow with us.<\/p>\n<p style=\"text-align: left;\">Job Openings Current vacancies are listed on <strong><a href=\"https:\/\/karjera.litrail.lt\/search\/?createNewAlert=false&amp;q=&amp;optionsFacetsDD_department=&amp;optionsFacetsDD_customfield4=&amp;optionsFacetsDD_facility=\">the LTG Careers page<\/a><\/strong><\/p>\n<p style=\"text-align: left;\">How to Apply You can apply directly via the LTG Careers portal or send your CV along with the desired position to: <strong><a href=\"mailto:atrankos@ltg.lt\">atrankos@ltg.lt<\/a><\/strong><\/p>\n<p><a href=\"https:\/\/karjera.litrail.lt\/content\/Privatumo-pranesimas\/?locale=lt_LT\"><span class=\"ui-provider vt b c d e f g h i j k l m n o p q r s t u v w x y z ab ac ae af ag ah ai aj ak\" dir=\"ltr\">PRIVACY POLICY FOR CANDIDATES APPLYING TO VACANT POSITIONS WITHIN THE LTG GROUP<\/span><\/a><\/p>\n<p><a href=\"https:\/\/gtc.lt\/w\/wp-content\/uploads\/2019\/08\/Privatumo-politika_Kandidatu_Sutikimas_atrankom_GTC_2019.pdf\">CONSENT FOR RETENTION OF CANDIDATE PERSONAL DATA FOR FUTURE RECRUITMENT<\/a><\/p>\n<p><a href=\"\/w\/en\/Privatumo-politika_Kandidatu_Sutikimas_duomenuperdavimas_GTC_2019.pdf\/\">CONSENT FOR SHARING CANDIDATE PERSONAL DATA WITHIN THE COMPANY GROUP<\/a><\/p>\n<p><img loading=\"lazy\" decoding=\"async\" class=\"wp-image-15042 aligncenter\" src=\"https:\/\/gtc.lt\/w\/wp-content\/uploads\/2012\/05\/glaube-tech-career-slide1-1-1024x512.jpg\" alt=\"\" width=\"610\" height=\"305\" srcset=\"https:\/\/www.gtc.lt\/w\/wp-content\/uploads\/2012\/05\/glaube-tech-career-slide1-1-1024x512.jpg 1024w, https:\/\/www.gtc.lt\/w\/wp-content\/uploads\/2012\/05\/glaube-tech-career-slide1-1-300x150.jpg 300w, https:\/\/www.gtc.lt\/w\/wp-content\/uploads\/2012\/05\/glaube-tech-career-slide1-1-768x384.jpg 768w, https:\/\/www.gtc.lt\/w\/wp-content\/uploads\/2012\/05\/glaube-tech-career-slide1-1.jpg 2000w\" sizes=\"(max-width: 610px) 100vw, 610px\" \/><\/p>\n\n\t\t<\/div> \n\t<\/div> \n\t\t<\/div> \n\t<\/div> \n<\/div><div class=\"dfd-row-bg-overlay\" style=\"opacity: 0.8;\"><\/div><\/div><div  class=\"vc_row vc-row-wrapper\" data-parallax_sense=\"30\"><div class=\"wpb_row row\" >\n\t<div class=\"twelve columns vc-column-extra-class-69eb999a5c673\" data-parallax_sense=\"30\">\n\t\t<div class=\"wpb_wrapper\">\n\t\t\t<div class=\"dfd-spacer-module\"  data-units=\"px\" data-wide_resolution=\"1280\" data-wide_size=\"10\" data-normal_resolution=\"1024\" data-normal_size=\"\" data-tablet_resolution=\"800\" data-tablet_size=\"\" data-mobile_resolution=\"480\" data-mobile_size=\"\" style=\"height: 10px;\"><\/div>\n\t\t<\/div> \n\t<\/div> \n<\/div><div class=\"dfd-row-bg-overlay\" style=\"opacity: 0.8;\"><\/div><\/div>\n<\/section>","protected":false},"excerpt":{"rendered":"\u012emon\u0117 visada ie\u0161ko auk\u0161tos kvalifikacijos specialist\u0173, taip pat energing\u0173, norin\u010di\u0173 pasisemti patirties darbuotoj\u0173. Informacija apie darbo pasi\u016blymus galima rasti LTG Karjeros puslapyje Kandidatuoti galite LTG karjeros puslapyje arba savo gyvenimo","protected":false},"author":1,"featured_media":15042,"parent":0,"menu_order":3,"comment_status":"closed","ping_status":"closed","template":"","meta":{"footnotes":""},"_links":{"self":[{"href":"https:\/\/www.gtc.lt\/w\/en\/wp-json\/wp\/v2\/pages\/234"}],"collection":[{"href":"https:\/\/www.gtc.lt\/w\/en\/wp-json\/wp\/v2\/pages"}],"about":[{"href":"https:\/\/www.gtc.lt\/w\/en\/wp-json\/wp\/v2\/types\/page"}],"author":[{"embeddable":true,"href":"https:\/\/www.gtc.lt\/w\/en\/wp-json\/wp\/v2\/users\/1"}],"replies":[{"embeddable":true,"href":"https:\/\/www.gtc.lt\/w\/en\/wp-json\/wp\/v2\/comments?post=234"}],"version-history":[{"count":0,"href":"https:\/\/www.gtc.lt\/w\/en\/wp-json\/wp\/v2\/pages\/234\/revisions"}],"wp:featuredmedia":[{"embeddable":true,"href":"https:\/\/www.gtc.lt\/w\/en\/wp-json\/wp\/v2\/media\/15042"}],"wp:attachment":[{"href":"https:\/\/www.gtc.lt\/w\/en\/wp-json\/wp\/v2\/media?parent=234"}],"curies":[{"name":"wp","href":"https:\/\/api.w.org\/{rel}","templated":true}]}}