{"id":290,"date":"2012-05-04T07:08:04","date_gmt":"2012-05-04T05:08:04","guid":{"rendered":"https:\/\/gtc.lt\/w\/?page_id=290"},"modified":"2025-07-15T11:21:15","modified_gmt":"2025-07-15T13:21:15","slug":"apie-bendrove-2","status":"publish","type":"page","link":"https:\/\/www.gtc.lt\/w\/en\/apie-bendrove-2\/","title":{"rendered":"ABOUT US"},"content":{"rendered":"<section class=\"wpb-content-wrapper\"><div  class=\"vc_row vc-row-wrapper\" data-parallax_sense=\"30\"><div class=\"wpb_row row\" >\n\t<div class=\"twelve columns vc-column-extra-class-69ec991995f99\" data-parallax_sense=\"30\">\n\t\t<div class=\"wpb_wrapper\">\n\t\t\t\n\t<div class=\"wpb_text_column wpb_content_element\" >\n\t\t<div class=\"wpb_wrapper\">\n\t\t\t<p class=\"translation-block\"><strong>UAB Gele\u017einkelio Tiesimo Centras (GTC)<\/strong> has been performing all types of railway track repairs and new track construction since 1948. The company has accumulated extensive experience and employs a highly qualified workforce. Over the years, GTC has repaired hundreds of kilometers of railway track stretching from Daugavpils to Kaliningrad.<p>\n<p>\nGTC continuously invests in strengthening its production base, implementing new technologies, and improving work quality. Throughout its history, the company has developed a robust technical and production infrastructure. Modern equipment and machinery acquired from European countries have not only eased manual labor but also enabled high-quality, efficient work that meets EU standards and ensures long-lasting results.\n<p>\n<p>\nMost importantly, the quality of GTC\u2019s work contributes directly to railway traffic safety.\n<p>\n<p>\nGTC actively participates in various projects funded by the European Union and national budgets. Its consistent success since establishment has enabled the company to carry out investment projects that enhance its capabilities. GTC is a full-fledged and leading player in the railway sector.\n<p>\n<p>\nTo remain competitive, GTC has implemented and certified an integrated management system for quality, environmental protection, and occupational health and safety, in accordance with ISO 9001:2015, ISO 14001:2015, and ISO 45001:2018 standards. The company is also certified by the Ministry of Environment of the Republic of Lithuania to perform special construction works and is a member of the \u201cGelpa\u201d Railway Services Association.\n<p>\n<p>\nIn response to new market challenges, GTC is committed to expanding its scope of services. The company also performs railway embankment works, culvert and crossing installations, and switches repair. Its long-standing, experienced personnel are ready to provide all types of railway track repair, technical maintenance, and rolling stock rental services.<\/p>\n<p>We look forward to close cooperation with clients who value high-quality, safe, and reliable railway repair services.<\/p>\n<p><a href=\"https:\/\/www.gtc.lt\/w\/en\/susidurete-su-korpcija\/\"><img loading=\"lazy\" decoding=\"async\" class=\"alignnone size-full wp-image-15537\" src=\"https:\/\/gtc.lt\/w\/wp-content\/uploads\/2020\/03\/prevencija-1.jpg\" alt=\"Ne korupcijai\" width=\"400\" height=\"150\" srcset=\"https:\/\/www.gtc.lt\/w\/wp-content\/uploads\/2020\/03\/prevencija-1.jpg 400w, https:\/\/www.gtc.lt\/w\/wp-content\/uploads\/2020\/03\/prevencija-1-300x113.jpg 300w\" sizes=\"(max-width: 400px) 100vw, 400px\" \/><\/a><\/p>\n\n\t\t<\/div> \n\t<\/div> \n\t\t<\/div> \n\t<\/div> \n<\/div><div class=\"dfd-row-bg-overlay\" style=\"opacity: 0.8;\"><\/div><\/div><div  class=\"vc_row vc-row-wrapper\" data-parallax_sense=\"30\"><div class=\"wpb_row row\" >\n\t<div class=\"twelve columns vc-column-extra-class-69ec99199669e\" data-parallax_sense=\"30\">\n\t\t<div class=\"wpb_wrapper\">\n\t\t\t<div class=\"vc_empty_space\"   style=\"height: 50px\"><span class=\"vc_empty_space_inner\"><\/span><\/div>\n\t\t<\/div> \n\t<\/div> \n<\/div><div class=\"dfd-row-bg-overlay\" style=\"opacity: 0.8;\"><\/div><\/div><div  class=\"vc_row vc-row-wrapper\" data-parallax_sense=\"30\"><div class=\"wpb_row row\" >\n\t<div class=\"twelve columns vc-column-extra-class-69ec991996d2d\" data-parallax_sense=\"30\">\n\t\t<div class=\"wpb_wrapper\">\n\t\t\t\n\t<div class=\"wpb_text_column wpb_content_element\" >\n\t\t<div class=\"wpb_wrapper\">\n\t\t\t<figure class=\"wp-block-table\">\n<table>\n<tbody>\n<tr>\n<td>Name<\/td>\n<td>Gele\u017einkelio Tiesimo Centras<\/td>\n<\/tr>\n<tr>\n<td>Legal form<\/td>\n<td>Private Limited Liability Company<\/td>\n<\/tr>\n<tr>\n<td>Registration date and place<\/td>\n<td>December 21, 2001, Register of Legal Entities of the Republic of Lithuania<\/td>\n<\/tr>\n<tr>\n<td>Company code<\/td>\n<td>181628163<\/td>\n<\/tr>\n<tr>\n<td>Address<\/td>\n<td>Trikampio St 10, Lentvaris, Trakai District<\/td>\n<\/tr>\n<tr>\n<td>Phone<\/td>\n<td>+37065537023<\/td>\n<\/tr>\n<tr>\n<td>E-mail<\/td>\n<td><a href=\"mailto:info@gtc.lt\" target=\"_blank\" rel=\"noreferrer noopener\">info@gtc.lt<\/a><\/td>\n<\/tr>\n<tr>\n<td>Website<\/td>\n<td><a href=\"http:\/\/www.gtc.lt\/w\/en\/\" target=\"_blank\" rel=\"noreferrer noopener\">www.gtc.lt<\/a><\/td>\n<\/tr>\n<tr>\n<td>Main activity<\/td>\n<td>Construction and repair of railway infrastructure<\/td>\n<\/tr>\n<tr>\n<td>Chief Executive Officer<\/td>\n<td>Rolandas Zabilevi\u010dius<\/td>\n<\/tr>\n<tr>\n<td>Shareholders<\/td>\n<td>Lithuanian Railways (LTG) owns 100% of the shares<br \/><a href=\"http:\/\/www.litrail.lt\/\" target=\"_blank\" rel=\"noreferrer noopener\">ltg.lt<\/a><\/td>\n<\/tr>\n<\/tbody>\n<\/table>\n<\/figure>\n<p>&nbsp;<\/p>\n\n\t\t<\/div> \n\t<\/div> \n\t\t<\/div> \n\t<\/div> \n<\/div><div class=\"dfd-row-bg-overlay\" style=\"opacity: 0.8;\"><\/div><\/div><\/section>","protected":false},"excerpt":{"rendered":"UAB Gele\u017einkelio tiesimo centras (toliau \u2013 GTC) jau nuo 1948 met\u0173 atlieka vis\u0173 r\u016b\u0161i\u0173 gele\u017einkelio keli\u0173 remonto darbus ir nauj\u0173 keli\u0173 tiesim\u0105. Tai bendrov\u0117, sukaupusi did\u017eiul\u0119 patirt\u012f ir turinti daug","protected":false},"author":1,"featured_media":0,"parent":0,"menu_order":0,"comment_status":"closed","ping_status":"closed","template":"","meta":{"footnotes":""},"_links":{"self":[{"href":"https:\/\/www.gtc.lt\/w\/en\/wp-json\/wp\/v2\/pages\/290"}],"collection":[{"href":"https:\/\/www.gtc.lt\/w\/en\/wp-json\/wp\/v2\/pages"}],"about":[{"href":"https:\/\/www.gtc.lt\/w\/en\/wp-json\/wp\/v2\/types\/page"}],"author":[{"embeddable":true,"href":"https:\/\/www.gtc.lt\/w\/en\/wp-json\/wp\/v2\/users\/1"}],"replies":[{"embeddable":true,"href":"https:\/\/www.gtc.lt\/w\/en\/wp-json\/wp\/v2\/comments?post=290"}],"version-history":[{"count":0,"href":"https:\/\/www.gtc.lt\/w\/en\/wp-json\/wp\/v2\/pages\/290\/revisions"}],"wp:attachment":[{"href":"https:\/\/www.gtc.lt\/w\/en\/wp-json\/wp\/v2\/media?parent=290"}],"curies":[{"name":"wp","href":"https:\/\/api.w.org\/{rel}","templated":true}]}}