{"id":1320,"date":"2015-03-02T12:51:25","date_gmt":"2015-03-02T10:51:25","guid":{"rendered":"https:\/\/gtc.lt\/w\/?page_id=1320"},"modified":"2025-07-15T11:21:15","modified_gmt":"2025-07-15T13:21:15","slug":"gtc-video-pristatymas","status":"publish","type":"page","link":"https:\/\/www.gtc.lt\/w\/lt_lt\/apie-bendrove-2\/gtc-video-pristatymas\/","title":{"rendered":"Prisistatymas"},"content":{"rendered":"<section class=\"wpb-content-wrapper\">\n<p><\/p>\n\n\n<div  class=\"vc_row vc-row-wrapper full_width_small_paddings\" data-parallax_sense=\"30\"><div class=\"wpb_row row\" >\n\t<div class=\"twelve columns vc-column-extra-class-69eb7247b840b\" data-parallax_sense=\"30\">\n\t\t<div class=\"wpb_wrapper\">\n\t\t\t\n\t<div class=\"wpb_text_column wpb_content_element \" >\n\t\t<div class=\"wpb_wrapper\">\n\t\t\t<p style=\"text-align: center;\">Kvie\u010diame pa\u017ei\u016br\u0117ti UAB Gele\u017einkelio tiesimo centras pristatom\u0105j\u012f filmuk\u0105:<\/p>\n\n\t\t<\/div> \n\t<\/div> \n\t<div id=\"module_video_69eb7247b8cb3\" class=\"dfd_video_widget wpb_content_element\">\n\t\t<div class=\"wpb_wrapper\"><div class=\"dfd-video-box\"><div class=\"wpb_video_wrapper \"><iframe loading=\"lazy\" title=\"GTC\" width=\"1200\" height=\"675\" src=\"https:\/\/www.youtube.com\/embed\/QNWw3aEOQ14?feature=oembed\" frameborder=\"0\" allow=\"accelerometer; autoplay; encrypted-media; gyroscope; picture-in-picture\" allowfullscreen><\/iframe><\/div><\/div>\n\t\t<\/div> \n\t<\/div> \n\t\t<\/div> \n\t<\/div> \n<\/div><div class=\"dfd-row-bg-overlay\" style=\"opacity: 0.8;\"><\/div><\/div><\/section>","protected":false},"excerpt":{"rendered":"Kvie\u010diame pa\u017ei\u016br\u0117ti UAB Gele\u017einkelio tiesimo centras pristatom\u0105j\u012f filmuk\u0105:","protected":false},"author":1,"featured_media":0,"parent":290,"menu_order":0,"comment_status":"closed","ping_status":"closed","template":"","meta":{"footnotes":""},"_links":{"self":[{"href":"https:\/\/www.gtc.lt\/w\/lt_lt\/wp-json\/wp\/v2\/pages\/1320"}],"collection":[{"href":"https:\/\/www.gtc.lt\/w\/lt_lt\/wp-json\/wp\/v2\/pages"}],"about":[{"href":"https:\/\/www.gtc.lt\/w\/lt_lt\/wp-json\/wp\/v2\/types\/page"}],"author":[{"embeddable":true,"href":"https:\/\/www.gtc.lt\/w\/lt_lt\/wp-json\/wp\/v2\/users\/1"}],"replies":[{"embeddable":true,"href":"https:\/\/www.gtc.lt\/w\/lt_lt\/wp-json\/wp\/v2\/comments?post=1320"}],"version-history":[{"count":10,"href":"https:\/\/www.gtc.lt\/w\/lt_lt\/wp-json\/wp\/v2\/pages\/1320\/revisions"}],"predecessor-version":[{"id":15585,"href":"https:\/\/www.gtc.lt\/w\/lt_lt\/wp-json\/wp\/v2\/pages\/1320\/revisions\/15585"}],"up":[{"embeddable":true,"href":"https:\/\/www.gtc.lt\/w\/lt_lt\/wp-json\/wp\/v2\/pages\/290"}],"wp:attachment":[{"href":"https:\/\/www.gtc.lt\/w\/lt_lt\/wp-json\/wp\/v2\/media?parent=1320"}],"curies":[{"name":"wp","href":"https:\/\/api.w.org\/{rel}","templated":true}]}}