{"id":14631,"date":"2016-04-26T06:55:07","date_gmt":"2016-04-26T08:55:07","guid":{"rendered":"https:\/\/gtc.lt\/w\/w\/?page_id=14631"},"modified":"2025-07-15T11:21:31","modified_gmt":"2025-07-15T13:21:31","slug":"pradzia","status":"publish","type":"page","link":"https:\/\/www.gtc.lt\/w\/lt_lt\/","title":{"rendered":"Prad\u017eia"},"content":{"rendered":"<section class=\"wpb-content-wrapper\"><div  class=\"vc_row vc-row-wrapper clearfix full_width_content\" data-parallax_sense=\"30\"><div class=\"wpb_row row\" >\n\t<div class=\"twelve columns vc-column-extra-class-69e9ec3ab705f\" data-parallax_sense=\"30\">\n\t\t<div class=\"wpb_wrapper\">\n\t\t\t<div class=\"wpb_revslider_element wpb_content_element\">\n\t\t\t<!-- START Building REVOLUTION SLIDER 6.6.14 --><p class=\"rs-p-wp-fix\"><\/p>\n\t\t\t<rs-module-wrap id=\"rev_slider_5_1_wrapper\" data-source=\"gallery\" data-aimg=\"\"  style=\"visibility:hidden;background:#262626;padding:0;margin:0px auto;margin-top:0;margin-bottom:0;\">\n\t\t\t\t<rs-module id=\"rev_slider_5_1\" style=\"\" data-version=\"6.6.14\">\n\t\t\t\t\t<rs-slides style=\"overflow: hidden; position: absolute;\">\n\t\t\t\t\t\t<rs-slide style=\"position: absolute;\" data-key=\"rs-35\" data-title=\"Slide\" data-thumb=\"\/\/www.gtc.lt\/w\/wp-content\/uploads\/2016\/04\/I25A0984_blur_prigesintas_stipriai-100x50.jpg\" data-anim=\"adpr:false;\" data-in=\"o:0;\" data-out=\"a:false;\">\n\t\t\t\t\t\t\t<img decoding=\"async\" src=\"\/\/www.gtc.lt\/w\/wp-content\/plugins\/revslider\/public\/assets\/assets\/dummy.png\" alt=\"\" title=\"I25A0984_blur_prigesintas_stipriai\" width=\"5712\" height=\"3840\" class=\"rev-slidebg tp-rs-img rs-lazyload\" data-lazyload=\"\/\/www.gtc.lt\/w\/wp-content\/uploads\/2016\/04\/I25A0984_blur_prigesintas_stipriai.jpg\" data-bg=\"p:center top;\" data-parallax=\"off\" data-no-retina>\n<!--\n\t\t\t\t\t\t\t--><rs-layer\n\t\t\t\t\t\t\t\tid=\"slider-5-slide-35-layer-1\" \n\t\t\t\t\t\t\t\tclass=\"black\"\n\t\t\t\t\t\t\t\tdata-type=\"text\"\n\t\t\t\t\t\t\t\tdata-color=\"rgba(255,255,255,1)\"\n\t\t\t\t\t\t\t\tdata-rsp_ch=\"on\"\n\t\t\t\t\t\t\t\tdata-xy=\"x:c;xo:16px;y:c;yo:38px;\"\n\t\t\t\t\t\t\t\tdata-text=\"s:45;l:75;ls:10px;fw:600;a:center;\"\n\t\t\t\t\t\t\t\tdata-frame_0=\"y:50px;\"\n\t\t\t\t\t\t\t\tdata-frame_1=\"st:300;sp:700;\"\n\t\t\t\t\t\t\t\tdata-frame_999=\"y:50px;o:0;e:nothing;st:w;sp:700;\"\n\t\t\t\t\t\t\t\tstyle=\"z-index:7;font-family:'texgyreadventorregular';\"\n\t\t\t\t\t\t\t>GELE\u017dINKELIO STATYBA IR REMONTAS \n\t\t\t\t\t\t\t<\/rs-layer><!--\n\n\t\t\t\t\t\t\t--><rs-layer\n\t\t\t\t\t\t\t\tid=\"slider-5-slide-35-layer-2\" \n\t\t\t\t\t\t\t\tclass=\"Droid_serif\"\n\t\t\t\t\t\t\t\tdata-type=\"text\"\n\t\t\t\t\t\t\t\tdata-color=\"rgba(255,255,255,1)\"\n\t\t\t\t\t\t\t\tdata-rsp_ch=\"on\"\n\t\t\t\t\t\t\t\tdata-xy=\"x:c;xo:-33px;y:c;yo:83px;\"\n\t\t\t\t\t\t\t\tdata-text=\"w:normal;s:15;l:25;ls:0px;a:center;\"\n\t\t\t\t\t\t\t\tdata-dim=\"w:504px;h:21px;\"\n\t\t\t\t\t\t\t\tdata-frame_0=\"y:50px;\"\n\t\t\t\t\t\t\t\tdata-frame_1=\"st:800;sp:500;\"\n\t\t\t\t\t\t\t\tdata-frame_999=\"y:50px;o:0;e:nothing;st:w;sp:500;\"\n\t\t\t\t\t\t\t\tstyle=\"z-index:6;font-family:'droid serif';font-style:italic;text-transform:none;\"\n\t\t\t\t\t\t\t>Saug\u016bs ir patikimi Lietuvos gele\u017einkelio keliai keleiviams  ir krovini\u0173 ve\u017e\u0117jams \n\t\t\t\t\t\t\t<\/rs-layer><!--\n-->\t\t\t\t\t\t<\/rs-slide>\n\t\t\t\t\t\t<rs-slide style=\"position: absolute;\" data-key=\"rs-36\" data-title=\"Slide\" data-thumb=\"\/\/www.gtc.lt\/w\/wp-content\/uploads\/2016\/04\/prigesintas2-100x50.jpg\" data-anim=\"adpr:false;\" data-in=\"o:0;\" data-out=\"a:false;\">\n\t\t\t\t\t\t\t<img decoding=\"async\" src=\"\/\/www.gtc.lt\/w\/wp-content\/plugins\/revslider\/public\/assets\/assets\/dummy.png\" alt=\"\" title=\"prigesintas2\" width=\"1024\" height=\"711\" class=\"rev-slidebg tp-rs-img rs-lazyload\" data-lazyload=\"\/\/www.gtc.lt\/w\/wp-content\/uploads\/2016\/04\/prigesintas2.jpg\" data-bg=\"p:right center;\" data-parallax=\"off\" data-no-retina>\n<!--\n\t\t\t\t\t\t\t--><rs-layer\n\t\t\t\t\t\t\t\tid=\"slider-5-slide-36-layer-0\" \n\t\t\t\t\t\t\t\tclass=\"Droid_serif\"\n\t\t\t\t\t\t\t\tdata-type=\"text\"\n\t\t\t\t\t\t\t\tdata-color=\"rgba(255,255,255,1)\"\n\t\t\t\t\t\t\t\tdata-rsp_ch=\"on\"\n\t\t\t\t\t\t\t\tdata-xy=\"x:c;xo:76px;y:c;yo:196px;\"\n\t\t\t\t\t\t\t\tdata-text=\"w:normal;s:15;l:25;ls:0px;a:center;\"\n\t\t\t\t\t\t\t\tdata-dim=\"w:798px;h:50px;\"\n\t\t\t\t\t\t\t\tdata-frame_0=\"y:50px;\"\n\t\t\t\t\t\t\t\tdata-frame_1=\"st:800;sp:500;\"\n\t\t\t\t\t\t\t\tdata-frame_999=\"y:50px;o:0;e:nothing;st:w;sp:500;\"\n\t\t\t\t\t\t\t\tstyle=\"z-index:6;font-family:'droid serif';font-style:italic;text-transform:none;\"\n\t\t\t\t\t\t\t>Gele\u017einkelio kranai, kelio taisymo ma\u0161inos, ie\u0161m\u0173 keitimo ma\u0161inos,  ekskavatoriai ir kiti mechanizmai \n\t\t\t\t\t\t\t<\/rs-layer><!--\n\n\t\t\t\t\t\t\t--><rs-layer\n\t\t\t\t\t\t\t\tid=\"slider-5-slide-36-layer-1\" \n\t\t\t\t\t\t\t\tclass=\"black\"\n\t\t\t\t\t\t\t\tdata-type=\"text\"\n\t\t\t\t\t\t\t\tdata-color=\"rgba(255,255,255,1)\"\n\t\t\t\t\t\t\t\tdata-rsp_ch=\"on\"\n\t\t\t\t\t\t\t\tdata-xy=\"x:c;xo:57px;y:c;yo:126px;\"\n\t\t\t\t\t\t\t\tdata-text=\"s:45;l:75;ls:10px;fw:600;a:center;\"\n\t\t\t\t\t\t\t\tdata-frame_0=\"y:50px;\"\n\t\t\t\t\t\t\t\tdata-frame_1=\"st:300;sp:700;\"\n\t\t\t\t\t\t\t\tdata-frame_999=\"y:50px;o:0;e:nothing;st:w;sp:700;\"\n\t\t\t\t\t\t\t\tstyle=\"z-index:5;font-family:'texgyreadventorregular';\"\n\t\t\t\t\t\t\t>SPECIALIZUOT\u0172 MECHANIZM\u0172 NUOMA \n\t\t\t\t\t\t\t<\/rs-layer><!--\n-->\t\t\t\t\t\t<\/rs-slide>\n\t\t\t\t\t<\/rs-slides>\n\t\t\t\t<\/rs-module>\n\t\t\t\t<script>\n\t\t\t\t\tsetREVStartSize({c: 'rev_slider_5_1',rl:[1240,1024,778,480],el:[600],gw:[1600],gh:[600],type:'standard',justify:'',layout:'fullwidth',mh:\"600\"});if (window.RS_MODULES!==undefined && window.RS_MODULES.modules!==undefined && window.RS_MODULES.modules[\"revslider51\"]!==undefined) {window.RS_MODULES.modules[\"revslider51\"].once = false;window.revapi5 = undefined;if (window.RS_MODULES.checkMinimal!==undefined) window.RS_MODULES.checkMinimal()}\n\t\t\t\t<\/script>\n\t\t\t<\/rs-module-wrap>\n\t\t\t<!-- END REVOLUTION SLIDER -->\n<\/div><div class=\"vc-row-wrapper vc_inner vc_row-fluid dfd-inner-row-69e9ec3abad6a\"><div class=\"row wpb_row\"><div class=\"vc-column-hover-69e9ec3abb0fd columns twelve\"><div class=\"wpb_wrapper\"><div class=\"vc_empty_space\"   style=\"height: 20px\"><span class=\"vc_empty_space_inner\"><\/span><\/div><\/div><\/div><\/div><\/div>\n\t\t<\/div> \n\t<\/div> \n<\/div><div class=\"dfd-row-bg-overlay\" style=\"opacity: 0.8;\"><\/div><\/div><div  class=\"vc_row vc-row-wrapper full_width_content_paddings vc_custom_1463640204267\" data-parallax_sense=\"30\"><div class=\"wpb_row row\" style=\"z-index: 4;\">\n\t<div class=\"four columns vc-column-extra-class-69e9ec3abb94d\" data-parallax_sense=\"30\">\n\t\t<div class=\"wpb_wrapper\">\n\t\t\t<div class=\"vc-row-wrapper vc_inner vc_row-fluid dfd-inner-row-69e9ec3abbb5c\"><div class=\"row wpb_row\"><div class=\"vc-column-hover-69e9ec3abbea9 columns twelve\"><div class=\"wpb_wrapper\">\r\n\t<div class=\"wpb_single_image wpb_content_element vc_align_left \" >\r\n\t\t<div class=\"wpb_wrapper\">\r\n\t\t\t\r\n\t\t\t<div class=\"vc_single_image-wrapper   vc_box_border_grey \" ><img loading=\"lazy\" decoding=\"async\" class=\"vc_single_image-img \" src=\"https:\/\/www.gtc.lt\/w\/wp-content\/uploads\/2016\/01\/I25A0984_blur_prigesintas-420x300.jpg\" width=\"420\" height=\"300\" alt=\"I25A0984_blur_prigesintas\" title=\"I25A0984_blur_prigesintas\" \/><\/div>\r\n\t\t\t\r\n\t\t<\/div>\r\n\t<\/div>\r\n\n\t<div class=\"wpb_text_column wpb_content_element  cr-animate-gen\" data-animate-type = \"transition.expandIn\" >\n\t\t<div class=\"wpb_wrapper\">\n\t\t\t<p><span class=\"ui-provider a b c d e f g h i j k l m n o p q r s t u v w x y z ab ac ae af ag ah ai aj ak\" dir=\"ltr\">Gele\u017einkelio keli\u0173 statyb\u0105 ir remontas<\/span><\/p>\n\n\t\t<\/div> \n\t<\/div> <\/div><\/div><\/div><\/div>\n\t\t<\/div> \n\t<\/div> \n\n\t<div class=\"four columns vc-column-extra-class-69e9ec3abcdc6\" data-parallax_sense=\"30\">\n\t\t<div class=\"wpb_wrapper\">\n\t\t\t<div class=\"vc-row-wrapper vc_inner vc_row-fluid dfd-inner-row-69e9ec3abcf89\"><div class=\"row wpb_row\"><div class=\"vc-column-hover-69e9ec3abd155 columns twelve\"><div class=\"wpb_wrapper\">\r\n\t<div class=\"wpb_single_image wpb_content_element vc_align_left \" >\r\n\t\t<div class=\"wpb_wrapper\">\r\n\t\t\t\r\n\t\t\t<div class=\"vc_single_image-wrapper   vc_box_border_grey \" ><img loading=\"lazy\" decoding=\"async\" class=\"vc_single_image-img \" src=\"https:\/\/www.gtc.lt\/w\/wp-content\/uploads\/2024\/05\/GTC_paslaugos_remontas-420x300.jpg\" width=\"420\" height=\"300\" alt=\"GTC_paslaugos_remontas\" title=\"GTC_paslaugos_remontas\" \/><\/div>\r\n\t\t\t\r\n\t\t<\/div>\r\n\t<\/div>\r\n\n\t<div class=\"wpb_text_column wpb_content_element  cr-animate-gen\" data-animate-type = \"transition.expandIn\" >\n\t\t<div class=\"wpb_wrapper\">\n\t\t\t<p><span class=\"ui-provider a b c d e f g h i j k l m n o p q r s t u v w x y z ab ac ae af ag ah ai aj ak\" dir=\"ltr\">Gele\u017einkelio keli\u0173, in\u017einerini\u0173 sistem\u0173, statini\u0173 prie\u017ei\u016bra<\/span><\/p>\n\n\t\t<\/div> \n\t<\/div> <\/div><\/div><\/div><\/div>\n\t\t<\/div> \n\t<\/div> \n\n\t<div class=\"four columns vc-column-extra-class-69e9ec3abd982\" data-parallax_sense=\"30\">\n\t\t<div class=\"wpb_wrapper\">\n\t\t\t<div class=\"vc-row-wrapper vc_inner vc_row-fluid dfd-inner-row-69e9ec3abdb26\"><div class=\"row wpb_row\"><div class=\"vc-column-hover-69e9ec3abdcd4 columns twelve\"><div class=\"wpb_wrapper\">\r\n\t<div class=\"wpb_single_image wpb_content_element vc_align_left \" >\r\n\t\t<div class=\"wpb_wrapper\">\r\n\t\t\t\r\n\t\t\t<div class=\"vc_single_image-wrapper   vc_box_border_grey \" ><img loading=\"lazy\" decoding=\"async\" class=\"vc_single_image-img \" src=\"https:\/\/www.gtc.lt\/w\/wp-content\/uploads\/2016\/01\/Kranunion_TrLayer_6531533-420x300.jpg\" width=\"420\" height=\"300\" alt=\"Kranunion_TrLayer_6531533\" title=\"Kranunion_TrLayer_6531533\" \/><\/div>\r\n\t\t\t\r\n\t\t<\/div>\r\n\t<\/div>\r\n\n\t<div class=\"wpb_text_column wpb_content_element  cr-animate-gen\" data-animate-type = \"transition.expandIn\" >\n\t\t<div class=\"wpb_wrapper\">\n\t\t\t<p><span class=\"ui-provider a b c d e f g h i j k l m n o p q r s t u v w x y z ab ac ae af ag ah ai aj ak\" dir=\"ltr\">Technikos nuoma<\/span><\/p>\n\n\t\t<\/div> \n\t<\/div> <\/div><\/div><\/div><\/div>\n\t\t<\/div> \n\t<\/div> \n<\/div><div class=\"dfd-row-bg-overlay\" style=\"opacity: 0.8;\"><\/div><\/div><div  class=\"vc_row vc-row-wrapper \" data-parallax_sense=\"30\"><div class=\"wpb_row row\" >\n\t<div class=\"twelve columns vc-column-extra-class-69e9ec3abe7d8\" data-parallax_sense=\"30\">\n\t\t<div class=\"wpb_wrapper\">\n\t\t\t<div class=\"vc_empty_space\"   style=\"height: 80px\"><span class=\"vc_empty_space_inner\"><\/span><\/div>\n\t\t<\/div> \n\t<\/div> \n<\/div><div class=\"dfd-row-bg-overlay\" style=\"opacity: 0.8;\"><\/div><\/div><div  class=\"vc_row vc-row-wrapper full_width_content_paddings vc_custom_1463640204267\" data-parallax_sense=\"30\"><div class=\"wpb_row row\" style=\"z-index: 4;\">\n\t<div class=\"four columns vc-column-extra-class-69e9ec3abedf9\" data-parallax_sense=\"30\">\n\t\t<div class=\"wpb_wrapper\">\n\t\t\t\n\t\t<\/div> \n\t<\/div> \n\n\t<div class=\"four columns vc-column-extra-class-69e9ec3abef4c\" data-parallax_sense=\"30\">\n\t\t<div class=\"wpb_wrapper\">\n\t\t\t<div class=\"vc-row-wrapper vc_inner vc_row-fluid dfd-inner-row-69e9ec3abf11a\"><div class=\"row wpb_row\"><div class=\"vc-column-hover-69e9ec3abf2f6 columns twelve\"><div class=\"wpb_wrapper\"><\/div><\/div><\/div><\/div>\n\t\t<\/div> \n\t<\/div> \n<\/div><div class=\"dfd-row-bg-overlay\" style=\"opacity: 0.8;\"><\/div><\/div><div  class=\"vc_row vc-row-wrapper \" data-parallax_sense=\"30\"><div class=\"wpb_row row\" >\n\t<div class=\"twelve columns vc-column-extra-class-69e9ec3abf730\" data-parallax_sense=\"30\">\n\t\t<div class=\"wpb_wrapper\">\n\t\t\t\n\t\t<\/div> \n\t<\/div> \n<div  class=\"vc_row vc-row-wrapper \" data-parallax_sense=\"30\"><div class=\"wpb_row row\" ><\/div><div class=\"dfd-row-bg-overlay\" style=\"opacity: 0.8;\"><\/div><\/div><\/div><div class=\"dfd-row-bg-overlay\" style=\"opacity: 0.8;\"><\/div><\/div>[\/vc_row]<div  class=\"vc_row vc-row-wrapper \" data-parallax_sense=\"30\"><div class=\"wpb_row row\" >\n\t<div class=\"twelve columns vc-column-extra-class-69e9ec3abfcb7\" data-parallax_sense=\"30\">\n\t\t<div class=\"wpb_wrapper\">\n\t\t\t\n\t\t<\/div> \n\t<\/div> \n\n\t<div class=\"wpb_text_column wpb_content_element \" >\n\t\t<div class=\"wpb_wrapper\">\n\t\t\t\n\t\t<\/div> \n\t<\/div> <\/div><div class=\"dfd-row-bg-overlay\" style=\"opacity: 0.8;\"><\/div><\/div><div  class=\"vc_row vc-row-wrapper \" data-parallax_sense=\"30\"><div class=\"wpb_row row\" >\n\t<div class=\"twelve columns vc-column-extra-class-69e9ec3ac01db\" data-parallax_sense=\"30\">\n\t\t<div class=\"wpb_wrapper\">\n\t\t\t\n\t\t<\/div> \n\t<\/div> \n\n\t<div class=\"wpb_text_column wpb_content_element \" >\n\t\t<div class=\"wpb_wrapper\">\n\t\t\t\n\t\t<\/div> \n\t<\/div> <\/div><div class=\"dfd-row-bg-overlay\" style=\"opacity: 0.8;\"><\/div><\/div><div  class=\"vc_row vc-row-wrapper \" data-parallax_sense=\"30\"><div class=\"wpb_row row\" >\n\t<div class=\"twelve columns vc-column-extra-class-69e9ec3ac06ec\" data-parallax_sense=\"30\">\n\t\t<div class=\"wpb_wrapper\">\n\t\t\t\n\t\t<\/div> \n\t<\/div> \n\n\t<div class=\"wpb_text_column wpb_content_element \" >\n\t\t<div class=\"wpb_wrapper\">\n\t\t\t\n\t\t<\/div> \n\t<\/div> <\/div><div class=\"dfd-row-bg-overlay\" style=\"opacity: 0.8;\"><\/div><\/div>\n\t<div class=\"twelve columns vc-column-extra-class-69e9ec3ac09e7\" data-parallax_sense=\"30\">\n\t\t<div class=\"wpb_wrapper\">\n\t\t\t\n\t\t<\/div> \n\t<\/div> \n\n\t<div class=\"wpb_text_column wpb_content_element \" >\n\t\t<div class=\"wpb_wrapper\">\n\t\t\t<p style=\"text-align: center;\"><strong>GTC-Saugos lyderis!<\/strong><\/p>\n<p style=\"text-align: center;\"><img loading=\"lazy\" decoding=\"async\" class=\"wp-image-16605\" src=\"https:\/\/gtc.lt\/w\/wp-content\/uploads\/2022\/03\/IMG-8298-3-768x1024.jpg\" alt=\"\" width=\"519\" height=\"693\" srcset=\"https:\/\/www.gtc.lt\/w\/wp-content\/uploads\/2022\/03\/IMG-8298-3-768x1024.jpg 768w, https:\/\/www.gtc.lt\/w\/wp-content\/uploads\/2022\/03\/IMG-8298-3-225x300.jpg 225w, https:\/\/www.gtc.lt\/w\/wp-content\/uploads\/2022\/03\/IMG-8298-3-1152x1536.jpg 1152w, https:\/\/www.gtc.lt\/w\/wp-content\/uploads\/2022\/03\/IMG-8298-3-1536x2048.jpg 1536w, https:\/\/www.gtc.lt\/w\/wp-content\/uploads\/2022\/03\/IMG-8298-3-scaled.jpg 1920w\" sizes=\"(max-width: 519px) 100vw, 519px\" \/><\/p>\n<p style=\"text-align: center;\"><!-- \/wp:image --><\/p>\n<p><!-- wp:paragraph {\"align\":\"left\"} --><\/p>\n\n\t\t<\/div> \n\t<\/div> <div  class=\"vc_row vc-row-wrapper \" data-parallax_sense=\"30\"><div class=\"wpb_row row\" >\n\t<div class=\"twelve columns vc-column-extra-class-69e9ec3ac0eee\" data-parallax_sense=\"30\">\n\t\t<div class=\"wpb_wrapper\">\n\t\t\t\n\t\t<\/div> \n\t<\/div> \n<div  class=\"vc_row vc-row-wrapper \" data-parallax_sense=\"30\"><div class=\"wpb_row row\" ><\/div><div class=\"dfd-row-bg-overlay\" style=\"opacity: 0.8;\"><\/div><\/div><\/div><div class=\"dfd-row-bg-overlay\" style=\"opacity: 0.8;\"><\/div><\/div>[\/vc_row]<div  class=\"vc_row vc-row-wrapper \" data-parallax_sense=\"30\"><div class=\"wpb_row row\" >\n\t<div class=\"twelve columns vc-column-extra-class-69e9ec3ac141f\" data-parallax_sense=\"30\">\n\t\t<div class=\"wpb_wrapper\">\n\t\t\t\n\t\t<\/div> \n\t<\/div> \n\n\t<div class=\"wpb_text_column wpb_content_element \" >\n\t\t<div class=\"wpb_wrapper\">\n\t\t\t\n\t\t<\/div> \n\t<\/div> <\/div><div class=\"dfd-row-bg-overlay\" style=\"opacity: 0.8;\"><\/div><\/div><div  class=\"vc_row vc-row-wrapper \" data-parallax_sense=\"30\"><div class=\"wpb_row row\" >\n\t<div class=\"twelve columns vc-column-extra-class-69e9ec3ac190e\" data-parallax_sense=\"30\">\n\t\t<div class=\"wpb_wrapper\">\n\t\t\t\n\t\t<\/div> \n\t<\/div> \n\n\t<div class=\"wpb_text_column wpb_content_element \" >\n\t\t<div class=\"wpb_wrapper\">\n\t\t\t\n\t\t<\/div> \n\t<\/div> <\/div><div class=\"dfd-row-bg-overlay\" style=\"opacity: 0.8;\"><\/div><\/div><div  class=\"vc_row vc-row-wrapper \" data-parallax_sense=\"30\"><div class=\"wpb_row row\" >\n\t<div class=\"twelve columns vc-column-extra-class-69e9ec3ac1e68\" data-parallax_sense=\"30\">\n\t\t<div class=\"wpb_wrapper\">\n\t\t\t\n\t\t<\/div> \n\t<\/div> \n\n\t<div class=\"wpb_text_column wpb_content_element \" >\n\t\t<div class=\"wpb_wrapper\">\n\t\t\t\n\t\t<\/div> \n\t<\/div> <\/div><div class=\"dfd-row-bg-overlay\" style=\"opacity: 0.8;\"><\/div><\/div>\n\t<div class=\"twelve columns vc-column-extra-class-69e9ec3ac2163\" data-parallax_sense=\"30\">\n\t\t<div class=\"wpb_wrapper\">\n\t\t\t\n\t\t<\/div> \n\t<\/div> \n\n\t<div class=\"wpb_text_column wpb_content_element \" >\n\t\t<div class=\"wpb_wrapper\">\n\t\t\t<p style=\"text-align: center;\"><strong>UAB Gele\u017einkelio tiesimo centrui 20 met\u0173<\/strong><\/p>\n<p style=\"text-align: center;\">\n\n\t\t<\/div> \n\t<\/div> <div  class=\"vc_row vc-row-wrapper \" data-parallax_sense=\"30\"><div class=\"wpb_row row\" >\n\t<div class=\"twelve columns vc-column-extra-class-69e9ec3ac266d\" data-parallax_sense=\"30\">\n\t\t<div class=\"wpb_wrapper\">\n\t\t\t\n\t<div class=\"wpb_text_column wpb_content_element \" >\n\t\t<div class=\"wpb_wrapper\">\n\t\t\t<div class=\"wp-block-columns\" style=\"text-align: center;\">\n<div class=\"wp-block-column is-vertically-aligned-center\"><!-- wp:embed {\"url\":\"https:\/\/www.youtube.com\/watch?v=yipkwcgsWXc\",\"type\":\"video\",\"providerNameSlug\":\"youtube\",\"responsive\":true,\"className\":\"wp-embed-aspect-16-9 wp-has-aspect-ratio\"} --><\/p>\n<figure class=\"wp-block-embed is-type-video is-provider-youtube wp-block-embed-youtube wp-embed-aspect-16-9 wp-has-aspect-ratio\"><\/figure>\n<\/div>\n<\/div>\n<div class=\"wp-block-image\">\n<figure class=\"aligncenter size-large\"><img loading=\"lazy\" decoding=\"async\" width=\"1024\" height=\"433\" class=\"wp-image-15345 aligncenter\" src=\"https:\/\/gtc.lt\/w\/wp-content\/uploads\/2019\/04\/GTC_120_logotipas_sukis-1024x433.png\" alt=\"\" srcset=\"https:\/\/www.gtc.lt\/w\/wp-content\/uploads\/2019\/04\/GTC_120_logotipas_sukis-1024x433.png 1024w, https:\/\/www.gtc.lt\/w\/wp-content\/uploads\/2019\/04\/GTC_120_logotipas_sukis-300x127.png 300w, https:\/\/www.gtc.lt\/w\/wp-content\/uploads\/2019\/04\/GTC_120_logotipas_sukis-768x325.png 768w, https:\/\/www.gtc.lt\/w\/wp-content\/uploads\/2019\/04\/GTC_120_logotipas_sukis.png 1418w\" sizes=\"(max-width: 1024px) 100vw, 1024px\" \/><\/figure>\n<\/div>\n<p style=\"text-align: center;\"><!-- \/wp:image --><\/p>\n<p style=\"text-align: center;\"><!-- wp:paragraph --><\/p>\n<p style=\"text-align: center;\"><!-- \/wp:paragraph --><\/p>\n<div class=\"wp-block-image\" style=\"text-align: center;\"><\/div>\n<p style=\"text-align: center;\"><!-- \/wp:paragraph --><\/p>\n\n\t\t<\/div> \n\t<\/div> \n\t\t<\/div> \n\t<\/div> \n<\/div><div class=\"dfd-row-bg-overlay\" style=\"opacity: 0.8;\"><\/div><\/div><\/section>","protected":false},"excerpt":{"rendered":"<p>[\/vc_row][\/vc_row]<\/p>\n","protected":false},"author":1,"featured_media":0,"parent":0,"menu_order":0,"comment_status":"closed","ping_status":"closed","template":"page-custom.php","meta":{"footnotes":""},"_links":{"self":[{"href":"https:\/\/www.gtc.lt\/w\/lt_lt\/wp-json\/wp\/v2\/pages\/14631"}],"collection":[{"href":"https:\/\/www.gtc.lt\/w\/lt_lt\/wp-json\/wp\/v2\/pages"}],"about":[{"href":"https:\/\/www.gtc.lt\/w\/lt_lt\/wp-json\/wp\/v2\/types\/page"}],"author":[{"embeddable":true,"href":"https:\/\/www.gtc.lt\/w\/lt_lt\/wp-json\/wp\/v2\/users\/1"}],"replies":[{"embeddable":true,"href":"https:\/\/www.gtc.lt\/w\/lt_lt\/wp-json\/wp\/v2\/comments?post=14631"}],"version-history":[{"count":120,"href":"https:\/\/www.gtc.lt\/w\/lt_lt\/wp-json\/wp\/v2\/pages\/14631\/revisions"}],"predecessor-version":[{"id":17054,"href":"https:\/\/www.gtc.lt\/w\/lt_lt\/wp-json\/wp\/v2\/pages\/14631\/revisions\/17054"}],"wp:attachment":[{"href":"https:\/\/www.gtc.lt\/w\/lt_lt\/wp-json\/wp\/v2\/media?parent=14631"}],"curies":[{"name":"wp","href":"https:\/\/api.w.org\/{rel}","templated":true}]}}