{"id":15530,"date":"2020-03-23T16:56:55","date_gmt":"2020-03-23T18:56:55","guid":{"rendered":"https:\/\/gtc.lt\/w\/?page_id=15530"},"modified":"2025-07-15T11:21:31","modified_gmt":"2025-07-15T13:21:31","slug":"susidurete-su-korpcija","status":"publish","type":"page","link":"https:\/\/www.gtc.lt\/w\/lt_lt\/susidurete-su-korpcija\/","title":{"rendered":"Korupcijos prevencija"},"content":{"rendered":"\n<p>UAB Gele\u017einkelio tiesimo centras veikl\u0105 vykdo vadovaudamasi nulin\u0117s tolerancijos korupcijai principu, rei\u0161kian\u010diu, kad bendrov\u0117je netoleruojamos bet kokios formos korupcijos aprai\u0161kos (interes\u0173 konfliktai, ky\u0161ininkavimas, piktnaud\u017eiavimas pareigomis, neteis\u0117tas dovan\u0173 pri\u0117mimas ir kt.). \u012emon\u0117 veikia atsakingai, skaidriai, s\u0105\u017einingai ir patikimai. <\/p>\n\n\n\n<p>\u00a0\u00a0\u00a0\u00a0\u00a0\u00a0\u00a0\u00a0\u00a0\u00a0\u00a0 Savo veikloje bendrov\u0117 vadovaujasi patronuojan\u010dios bendrov\u0117s AB \u201eLietuvos gele\u017einkeliai\u201c \u012fmoni\u0173 grup\u0117je galiojan\u010dia Atsparumo korupcijai politika, apibr\u0117\u017eian\u010dia pagrindinius \u012fmoni\u0173 grup\u0117s korupcijos prevencijos tikslus, principus ir \u012fgyvendinamas priemones. Bendrov\u0117s darbuotojai kasdien\u0117je veikloje bendraudami tarpusavyje ir su kitais asmenimis laikosi etikos princip\u0173, numatyt\u0173 Darbuotoj\u0173 etikos kodekse. Skaidrios ir s\u0105\u017einingos veiklos tikimasi ir i\u0161 bendrov\u0117s veiklos partneri\u0173, \u0161ie l\u016bkes\u010diai jiems i\u0161d\u0117styti Tiek\u0117jo elgesio kodekse. <br><a href=\"https:\/\/ltg.lt\/apie-mus\/korupcijos-prevencija\/\"><strong>Pla\u010diau apie korupcijos prevencij\u0105 LTG \u012fmoni\u0173 grup\u0117je galite su\u017einoti \u010dia<\/strong><\/a><\/p>\n\n\n\n<p>\u00a0\u00a0\u00a0\u00a0\u00a0\u00a0\u00a0<\/p>\n\n\n\n<p><\/p>\n","protected":false},"excerpt":{"rendered":"<p>UAB Gele\u017einkelio tiesimo centras veikl\u0105 vykdo vadovaudamasi nulin\u0117s tolerancijos korupcijai principu, rei\u0161kian\u010diu, kad bendrov\u0117je netoleruojamos bet kokios formos korupcijos aprai\u0161kos (interes\u0173 konfliktai, ky\u0161ininkavimas, piktnaud\u017eiavimas pareigomis, neteis\u0117tas dovan\u0173 pri\u0117mimas ir kt.).<\/p>\n","protected":false},"author":1,"featured_media":0,"parent":0,"menu_order":0,"comment_status":"open","ping_status":"closed","template":"","meta":{"footnotes":""},"_links":{"self":[{"href":"https:\/\/www.gtc.lt\/w\/lt_lt\/wp-json\/wp\/v2\/pages\/15530"}],"collection":[{"href":"https:\/\/www.gtc.lt\/w\/lt_lt\/wp-json\/wp\/v2\/pages"}],"about":[{"href":"https:\/\/www.gtc.lt\/w\/lt_lt\/wp-json\/wp\/v2\/types\/page"}],"author":[{"embeddable":true,"href":"https:\/\/www.gtc.lt\/w\/lt_lt\/wp-json\/wp\/v2\/users\/1"}],"replies":[{"embeddable":true,"href":"https:\/\/www.gtc.lt\/w\/lt_lt\/wp-json\/wp\/v2\/comments?post=15530"}],"version-history":[{"count":19,"href":"https:\/\/www.gtc.lt\/w\/lt_lt\/wp-json\/wp\/v2\/pages\/15530\/revisions"}],"predecessor-version":[{"id":17040,"href":"https:\/\/www.gtc.lt\/w\/lt_lt\/wp-json\/wp\/v2\/pages\/15530\/revisions\/17040"}],"wp:attachment":[{"href":"https:\/\/www.gtc.lt\/w\/lt_lt\/wp-json\/wp\/v2\/media?parent=15530"}],"curies":[{"name":"wp","href":"https:\/\/api.w.org\/{rel}","templated":true}]}}