{"id":15544,"date":"2020-03-30T09:48:56","date_gmt":"2020-03-30T11:48:56","guid":{"rendered":"https:\/\/gtc.lt\/w\/?page_id=15544"},"modified":"2025-09-16T04:48:54","modified_gmt":"2025-09-16T06:48:54","slug":"bendroves-valdymas","status":"publish","type":"page","link":"https:\/\/www.gtc.lt\/w\/lt_lt\/bendroves-valdymas\/","title":{"rendered":"Bendrov\u0117s valdymas"},"content":{"rendered":"<section class=\"wpb-content-wrapper\"><div  class=\"vc_row vc-row-wrapper \" data-parallax_sense=\"30\"><div class=\"wpb_row row\" >\n\t<div class=\"twelve columns vc-column-extra-class-69ec81899ccf7\" data-parallax_sense=\"30\">\n\t\t<div class=\"wpb_wrapper\">\n\t\t\t\n\t<div class=\"wpb_text_column wpb_content_element \" >\n\t\t<div class=\"wpb_wrapper\">\n\t\t\t<p class=\"has-vivid-cyan-blue-color has-text-color\"><strong>\u012emon\u0117s valdymo organai<\/strong><\/p>\n<p>Pagal UAB Gele\u017einkelio tiesimo centro \u012fstatus Bendrov\u0117s organai yra: visuotinis akcinink\u0173 susirinkimas ir bendrov\u0117s vadovas \u2013 generalinis direktorius.<\/p>\n<p>Visuotinis akcinink\u0173 susirinkimas \u2013 yra auk\u0161\u010diausias UAB Gele\u017einkelio tiesimo centras valdymo organas. Visuotinio akcinink\u0173 susirinkimo kompetencija, sprendimo pri\u0117mimo tvarka nustatyta LR akcini\u0173 bendrovi\u0173 \u012fstatyme, kituose teis\u0117s aktuose, UAB Gele\u017einkelio tiesimo centras \u012fstatuose.<\/p>\n<p><strong><a href=\"https:\/\/gtc.lt\/w\/wp-content\/uploads\/2022\/01\/UAB-GTC-Istatai-2021-12-29.pdf\">UAB Gele\u017einkelio tiesimo centro \u012fstatai<\/a><\/strong><\/p>\n<p><a href=\"https:\/\/www.gtc.lt\/w\/wp-content\/uploads\/2025\/09\/GTC-istatai_EN.pdf\"><strong>UAB Gele\u017einkelio tiesimo centro \u012fstatai (Articles of association)<\/strong><\/a><\/p>\n<p><strong><a href=\"https:\/\/doc.ltg.lt\/lt\/apie_mus\/korupcijos_prevencija\/darbuotoju_etikos_kodeksas_lt.pdf?_gl=1*1n72fdb*_up*MQ..*_ga*NTgxNzE1NDkyLjE3MTY5ODQ2ODU.*_ga_94QCJKTK8Y*MTcxNjk4NDY4NC4xLjAuMTcxNjk4NDY4NC4wLjAuMA..\">UAB Gele\u017einkelio tiesimo centro etikos kodeksas<\/a><\/strong><\/p>\n<p>\u00a0<\/p>\n<p>\u00a0<\/p>\n\n\t\t<\/div> \n\t<\/div> \n\t\t<\/div> \n\t<\/div> \n<\/div><div class=\"dfd-row-bg-overlay\" style=\"opacity: 0.8;\"><\/div><\/div><\/section>","protected":false},"excerpt":{"rendered":"\u012emon\u0117s valdymo organai Pagal UAB Gele\u017einkelio tiesimo centro \u012fstatus Bendrov\u0117s organai yra: visuotinis akcinink\u0173 susirinkimas ir bendrov\u0117s vadovas \u2013 generalinis direktorius. Visuotinis akcinink\u0173 susirinkimas \u2013 yra auk\u0161\u010diausias UAB Gele\u017einkelio tiesimo","protected":false},"author":1,"featured_media":0,"parent":0,"menu_order":0,"comment_status":"open","ping_status":"closed","template":"","meta":{"footnotes":""},"_links":{"self":[{"href":"https:\/\/www.gtc.lt\/w\/lt_lt\/wp-json\/wp\/v2\/pages\/15544"}],"collection":[{"href":"https:\/\/www.gtc.lt\/w\/lt_lt\/wp-json\/wp\/v2\/pages"}],"about":[{"href":"https:\/\/www.gtc.lt\/w\/lt_lt\/wp-json\/wp\/v2\/types\/page"}],"author":[{"embeddable":true,"href":"https:\/\/www.gtc.lt\/w\/lt_lt\/wp-json\/wp\/v2\/users\/1"}],"replies":[{"embeddable":true,"href":"https:\/\/www.gtc.lt\/w\/lt_lt\/wp-json\/wp\/v2\/comments?post=15544"}],"version-history":[{"count":19,"href":"https:\/\/www.gtc.lt\/w\/lt_lt\/wp-json\/wp\/v2\/pages\/15544\/revisions"}],"predecessor-version":[{"id":17299,"href":"https:\/\/www.gtc.lt\/w\/lt_lt\/wp-json\/wp\/v2\/pages\/15544\/revisions\/17299"}],"wp:attachment":[{"href":"https:\/\/www.gtc.lt\/w\/lt_lt\/wp-json\/wp\/v2\/media?parent=15544"}],"curies":[{"name":"wp","href":"https:\/\/api.w.org\/{rel}","templated":true}]}}