{"id":15555,"date":"2020-03-30T10:05:17","date_gmt":"2020-03-30T12:05:17","guid":{"rendered":"https:\/\/gtc.lt\/w\/?page_id=15555"},"modified":"2025-07-15T11:21:45","modified_gmt":"2025-07-15T13:21:45","slug":"socialine-atsakomybe","status":"publish","type":"page","link":"https:\/\/www.gtc.lt\/w\/lt_lt\/socialine-atsakomybe\/","title":{"rendered":"Socialin\u0117 atsakomyb\u0117"},"content":{"rendered":"\n<p class=\"has-text-color has-vivid-cyan-blue-color\"><strong>Darbuotoj\u0173 sauga ir sveikata<\/strong><\/p>\n\n\n\n<p>Bendrov\u0117, siekdama sukurti saugi\u0105 ir sveik\u0105 darbo aplink\u0105, darbuotoj\u0173\nsaugai teikia didel\u0119 reik\u0161m\u0119. Bendrov\u0117je ypa\u010d daug d\u0117mesio skiriama darbuotoj\u0173\nsaugos ir sveikatos kult\u016brai darbo vietose kelti, pa\u010di\u0173 darbuotoj\u0173 atsakomybei\ndidinti. Ypa\u010d didelis d\u0117mesys skiriamas prevencin\u0117ms priemon\u0117ms. Pavojingus\ndarbus atliekantys darbuotojai privalo i\u0161klausyti specialius mokymus, vykdomas\nperiodinis j\u0173 \u017eini\u0173 tikrinimas. Saugiam ir na\u0161iam darbui u\u017etikrinti Bendrov\u0117je\nparengti darbuotoj\u0173 pareiginiai nuostatai, darbuotoj\u0173 saugos ir sveikatos,\ngaisrin\u0117s saugos, darb\u0173 technologijos, \u012frengini\u0173 eksploatavimo bei kitos\nreikalingos instrukcijos. Darbuotojams nemokamai i\u0161duodamos reikalingos asmenin\u0117s\napsaugos priemon\u0117s, apsaugan\u010dios nuo darbo vietose egzistuojan\u010di\u0173 rizikos\nveiksni\u0173. Darbuotojai, naudojantys asmenines apsaugos priemones, papildomai\ninstruktuojami pagal asmenini\u0173 apsaugos priemoni\u0173 naudojimo instrukcijas.<\/p>\n\n\n\n<p>Didelis d\u0117mesys skiriamas darbuotoj\u0173 sveikatos profilaktikai \u2013 skiriamos\nl\u0117\u0161os privalomajam sveikatos patikrinimui. Bendrov\u0117s darbuotojai skiepijami nuo\nerkinio encefalito ir gripo.<\/p>\n\n\n\n<p>2019 m. Bendrov\u0117 savo l\u0117\u0161omis visus darbuotojus apdraud\u0117 sveikatos ir\nnelaiming\u0173 atsitikim\u0173 draudimais.<\/p>\n\n\n\n<p class=\"has-text-color has-vivid-cyan-blue-color\"><strong>Aplinkosauga <\/strong><\/p>\n\n\n\n<p>Aplinkos apsauga \u2013 viena i\u0161 prioritetini\u0173 Bendrov\u0117s socialin\u0117s\natsakomyb\u0117s veiklos sri\u010di\u0173. Bendrov\u0117 nuolat vertina veiklos darom\u0105 poveik\u012f\naplinkai, taiko tar\u0161os prevencijos veiksmus, laikosi Bendrov\u0117s veiklai keliam\u0173\nteisini\u0173 reikalavim\u0173, racionaliai naudoja savo veiklai b\u016btinus materialinius\ni\u0161teklius, taiko priemones j\u0173 s\u0105naudoms ma\u017einti, ugdo darbuotoj\u0173 kompetencij\u0105\nir atsaking\u0105 po\u017ei\u016br\u012f \u012f savo darb\u0105 ir aplinkos apsaug\u0105, bendradarbiauja ir\nkei\u010diasi informacija aplinkos apsaugos klausimais su verslo partneriais,\nvalstyb\u0117s institucijomis ir kitais suinteresuotais asmenimis bei \u012fstaigomis,\nsiekdama gerinti aplinkos b\u016bkl\u0119 ir gyvenimo kokyb\u0119.<\/p>\n\n\n\n<p>GTC kontroliuoja kuro, elektros energijos, vandens ir popieriaus\nnaudojim\u0105, utilizuoja atliekas. Siekiant efektyvinti dokument\u0173 valdymo procesus\nbei ka\u0161tus, Bendrov\u0117je \u012fdiegta ir veikia elektronin\u0117 dokument\u0173 valdymo sistema,\nkurioje visi dokumentai yra valdomi ir archyvuojami elektroniniu b\u016bdu. <\/p>\n\n\n\n<p>Per ataskaitin\u012f laikotarp\u012f Bendrov\u0117 negavo koki\u0173 nors nuobaud\u0173 ar\n\u012fsp\u0117jim\u0173, susijusi\u0173 su aplinkosaugos \u012fstatym\u0173 ar kit\u0173 \u0161ios srities teis\u0117s akt\u0173\nnorm\u0173 nesilaikymu.<\/p>\n\n\n\n<p class=\"has-text-color has-vivid-cyan-blue-color\"><strong>Korupcijos ir ky\u0161ininkavimo prevencija<\/strong><\/p>\n\n\n\n<p>Bendrov\u0117 netoleruoja jokio pob\u016bd\u017eio korupcijos ar jos aprai\u0161k\u0173 ir siekia\natviros konkurencijos, eti\u0161k\u0173 verslo s\u0105lyg\u0173 bei tinkamai u\u017etikrinti savo\nveiklos skaidrum\u0105 ir vie\u0161um\u0105.<\/p>\n\n\n\n<p>Bendrov\u0117 yra politi\u0161kai neutrali ir neteikia jokios finansin\u0117s paramos\npolitin\u0117ms partijoms, grup\u0117ms ar politikams.<\/p>\n\n\n\n<p>Bendrov\u0117je yra \u012fdiegti kontrol\u0117s mechanizmai, kurie yra skirti nustatyti,\n\u012fvertinti ir steb\u0117ti galimus korupcijos rizikos veiksnius. Nuolat per\u017ei\u016brima ir\ntobulinama vidaus kontrol\u0117s sistema.<\/p>\n\n\n\n<p>Darbuotojas turi teis\u0119, o Bendrov\u0117 sukuria jam galimybes, anonimi\u0161kai\nprane\u0161ti apie \u012ftariamus ky\u0161ininkavimo ir korupcijos veiksmus ar bandymus juos\natlikti, taip pat apie Bendrov\u0117s vidaus tvarkose ir Elgesio kodekse nustatyt\u0173\nreikalavim\u0173 pa\u017eeidimus.<\/p>\n\n\n\n<p>Apie galimus korupcijos atvejus ar korupcijos aprai\u0161kas skatinama\ninformuoti Bendrov\u0117je veikian\u010diu pasitik\u0117jimo telefonu +370 650 39971. \u0160iuo\nkontaktu gali naudotis visi Bendrov\u0117s darbuotojai.<\/p>\n\n\n\n<p class=\"has-text-color has-vivid-cyan-blue-color\"><strong>Duomen\u0173 apsauga<\/strong><\/p>\n\n\n\n<p>Vertinant Bendrov\u0117je\natliktus veiksmus, susijusius su duomen\u0173 teisin\u0117s apsaugos reikalavimais,\nvert\u0117t\u0173 pasteb\u0117ti, kad nuo Bendrojo duomen\u0173 apsaugos reglamento \u012fsigaliojimo\n(2018 m.) Bendrov\u0117je buvo \u012fgyvendintos planuotos teisin\u0117s, technin\u0117s ir\norganizacin\u0117s priemon\u0117s:<\/p>\n\n\n\n<ul><li>per\u017ei\u016br\u0117ti ir adaptuoti esami bei\nparengti nauji Bendrov\u0117s vidaus teis\u0117s aktai, susij\u0119 su asmens duomen\u0173 apsaugos\nsritimi (pvz. Duomen\u0173 tvarkymo taisykl\u0117s, privatumo politikos ir kt.) <strong><\/strong><\/li><li>vykdoma prevencija ir kontrol\u0117 kaip\nlaikomasi teis\u0117s akt\u0173 reikalavim\u0173 d\u0117l duomen\u0173 tvarkymo (tame tarpe d\u0117l\nprivalomos tur\u0117ti dokumentacijos, vykdymo duomen\u0173 tvarkymo atitikties teis\u0117s\naktams)<strong><\/strong><\/li><li>identifikuoti duomen\u0173 subjektai, gav\u0117jai,\ntvarkytojai ir bendravaldytojai, su kuriais yra pasira\u0161omi dokumentai (pvz.\nsutikimas d\u0117l asmens duomen\u0173 tvarkymo asmeniui darbinantis)<strong><\/strong><\/li><\/ul>\n\n\n\n<p>Bendrov\u0117s\ndarbuotojams yra vykdomi mokymai bei rengiama med\u017eiaga, padedanti u\u017etikrinti\ntinkam\u0105 duomen\u0173 tvarkym\u0105 (pvz. Atmintin\u0117 asmens duomen\u0173 tvarkymo klausimais).\nN\u0117ra duomen\u0173, apie Bendrov\u0117je u\u017efiksuotus asmens duomen\u0173 tvarkymo pa\u017eeidimus ar\natvejus, kai duomen\u0173 subjektai b\u016bt\u0173 kreip\u0119si su pra\u0161ymais ar pretenzijomis d\u0117l\nj\u0173 teisi\u0173 pa\u017eeidim\u0173.<strong><\/strong><\/p>\n\n\n\n<p class=\"has-text-color has-vivid-cyan-blue-color\"><strong>\u017dmogaus teisi\u0173 apsauga<\/strong><\/p>\n\n\n\n<p>Bendrov\u0117, vykdydama savo veikl\u0105, laikosi \u017emogaus teisi\u0173 apsaugos\nprincip\u0173, u\u017etikrina, kad neb\u016bt\u0173 \u017emogaus teisi\u0173 pa\u017eeidim\u0173. Bendrov\u0117 yra u\u017e\ns\u0105\u017eining\u0105 bei skaidri\u0105 darbo u\u017emokes\u010dio politik\u0105, laikosi vir\u0161valandin\u012f darb\u0105\nir darbo laiko trukm\u0119 reglamentuojan\u010di\u0173 \u012fstatym\u0173, gerbia darbuotoj\u0173 teis\u0119 \u012f\npoils\u012f ir netoleruoja bet kokios r\u016b\u0161ies priekabiavimo ar smurto. Bendrov\u0117\npasisako prie\u0161 bet koki\u0105 diskriminacij\u0105 ir priverstin\u012f darb\u0105.<\/p>\n\n\n\n<p>2019 m. Bendrov\u0117je nebuvo u\u017efiksuotas nei vienas \u017emogaus teisi\u0173 pa\u017eeidimo\natvejis ar su tuo susij\u0119s nusiskundimas. Sieksime ir toliau u\u017etikrinti \u017emogaus\nteisi\u0173 apsaug\u0105 Bendrov\u0117je.<\/p>\n\n\n\n<p class=\"has-text-color has-vivid-cyan-blue-color\"><strong>Iniciatyvos<\/strong><\/p>\n\n\n\n<p>GTC darbuotojai dalyvavo profesinei gele\u017einkelininko dienai skirtoje LG\nvasaros \u0161vent\u0117je, kurios metu buvo apdovanoti Met\u0173 darbuotojai ir Met\u0173 komanda.\n<\/p>\n\n\n\n<p>Siekiant susipa\u017einti su gele\u017einkelio srityje taikomomis inovacijomis bei\nnaujausiomis technologijomis, GTC specialistai dalyvavo Gdanske (Lenkija)\nvyksian\u010dioje tarptautin\u0117je gele\u017einkelio pramon\u0117s parodoje Trako 2019. Tai\ndid\u017eiausia ir presti\u017ei\u0161kiausia gele\u017einkelio pramon\u0117s paroda Lenkijos\nRespublikoje bei viena i\u0161 did\u017eiausi\u0173 tokio tipo parod\u0173 Centrin\u0117je ir Ryt\u0173\nEuropoje. Parodoje demonstruota vietos ir u\u017esienio \u0161ali\u0173 gamintoj\u0173 produkcija\nir paslaugos: gele\u017einkelio kelio tiesimo bei remonto paslaugos , gele\u017einkeli\u0173\nkelio remonto riedmenys, lokomotyvai, miesto transporto priemon\u0117s, metro ir\ntramvaj\u0173, traukini\u0173 eismo valdymo sistemos, IT programin\u0117s i technin\u0117s \u012frangos,\nkabeliai ir kabeli\u0173 \u012franga, apsaugos sistemos kurios skirtos gele\u017einkelio\npramon\u0117ms. <\/p>\n\n\n\n<p class=\"has-text-color has-vivid-cyan-blue-color\"><strong>Skaidrumas<\/strong><\/p>\n\n\n\n<p>Visi Bendrov\u0117s pirkimuose dalyvaujantys, taip pat jiems tiesiogin\u0119 ar\nnetiesiogin\u0119 \u012ftak\u0105 galintys daryti asmenys yra pasira\u0161\u0119 ne\u0161ali\u0161kumo\ndeklaracijas ir konfidencialumo pasi\u017ead\u0117jimus.<\/p>\n\n\n\n<p>Bendrov\u0117 vie\u0161ina informacij\u0105 apie veiklos rezultatus \u012estatymo nustatyta\ntvarka.<\/p>\n\n\n\n<p class=\"has-text-color has-vivid-cyan-blue-color\"><strong>Bendradarbiavimas su \u0161vietimo \u012fstaigomis<\/strong><\/p>\n\n\n\n<p>Bendrov\u0117 bendradarbiauja su \u0161vietimo \u012fstaigomis ir sudaro s\u0105lygas\nuniversitet\u0173 bei kolegij\u0173 studentams pritaikyti teorines \u017einias bei \u012fgyti\npraktini\u0173 \u012fg\u016bd\u017ei\u0173. Priimami praktikai studentai yra tiek atvykstantys pagal\nmokymo \u012fstaig\u0173 numatytas praktikos programas, tiek pageidaujantys atlikti\nsavanori\u0161k\u0105 praktik\u0105.<\/p>\n\n\n\n<p>2018 m. pasira\u0161ytos bendradarbiavimo sutartys su Kauno technologijos ir\nVilniaus Gedimino technikos universitetais. Auk\u0161tojo mokslo \u012fstaigos ir\n\u201eLietuvos gele\u017einkeli\u0173\u201c \u012fmoni\u0173 grup\u0117s atstovai para\u0161ais patvirtino susitarimus\nd\u0117l bendradarbiavimo rengiant specialistus, tobulinant studij\u0173 programas,\n\u012fsitraukiant \u012f studij\u0173 proces\u0105, priimat studentus atlikti praktik\u0105, si\u016blant\ntyrim\u0173 ir baigiam\u0173j\u0173 darb\u0173 temas. Abi \u0161alys susitar\u0117 skirti didel\u012f d\u0117mes\u012f\nmoksliniams tyrimams, specialist\u0173 kvalifikacijos k\u0117limui, keistis informacija\napie vykdomas veiklas, diegiamas pa\u017eangias technologijas, techninius sprendimus\nir kt.<\/p>\n\n\n\n<p>2019 m. kovo m\u0117n. UAB Gele\u017einkelio tiesimo centras, kartu su AB \u201eLietuvos\ngele\u017einkeliai\u201c ir UAB \u201eVilniaus lokomotyv\u0173 remonto depas\u201c dalyvavo did\u017eiausioje\nBaltijos \u0161alyse student\u0173, absolvent\u0173 ir \u012fmoni\u0173 atstov\u0173 kontakt\u0173 mug\u0117je VGTU\nKarjeros dienos 2019.<\/p>\n\n\n\n<p class=\"has-text-color has-vivid-cyan-blue-color\"><strong>Edukacija<\/strong><\/p>\n\n\n\n<p>GTC\ngeranori\u0161kai ir nemokamai priima ekskursijas \u012f Bendrov\u0119. \u012emon\u0117s specialistai\ngeba \u012fdomiai ir \u0161iuolaiki\u0161kai pristatyti organizacij\u0105 bei joje vykdom\u0105 veikl\u0105\ntiek moksleiviams, tiek studentams. Ekskursijos metu lankytojai turi unikali\u0105\ngalimyb\u0119 pamatyti speciali\u0173j\u0173 riedmen\u0173 bei mechanizm\u0173, naudojam\u0173 gele\u017einkelio\ninfrastrukt\u016bros statybos procese, baz\u0119, susipa\u017einti su gele\u017einkelio\ninfrastrukt\u016bros statybos ir remonto procesais.<\/p>\n","protected":false},"excerpt":{"rendered":"<p>Darbuotoj\u0173 sauga ir sveikata Bendrov\u0117, siekdama sukurti saugi\u0105 ir sveik\u0105 darbo aplink\u0105, darbuotoj\u0173 saugai teikia didel\u0119 reik\u0161m\u0119. Bendrov\u0117je ypa\u010d daug d\u0117mesio skiriama darbuotoj\u0173 saugos ir sveikatos kult\u016brai darbo vietose kelti,<\/p>\n","protected":false},"author":1,"featured_media":0,"parent":0,"menu_order":0,"comment_status":"open","ping_status":"closed","template":"","meta":{"footnotes":""},"_links":{"self":[{"href":"https:\/\/www.gtc.lt\/w\/lt_lt\/wp-json\/wp\/v2\/pages\/15555"}],"collection":[{"href":"https:\/\/www.gtc.lt\/w\/lt_lt\/wp-json\/wp\/v2\/pages"}],"about":[{"href":"https:\/\/www.gtc.lt\/w\/lt_lt\/wp-json\/wp\/v2\/types\/page"}],"author":[{"embeddable":true,"href":"https:\/\/www.gtc.lt\/w\/lt_lt\/wp-json\/wp\/v2\/users\/1"}],"replies":[{"embeddable":true,"href":"https:\/\/www.gtc.lt\/w\/lt_lt\/wp-json\/wp\/v2\/comments?post=15555"}],"version-history":[{"count":2,"href":"https:\/\/www.gtc.lt\/w\/lt_lt\/wp-json\/wp\/v2\/pages\/15555\/revisions"}],"predecessor-version":[{"id":15561,"href":"https:\/\/www.gtc.lt\/w\/lt_lt\/wp-json\/wp\/v2\/pages\/15555\/revisions\/15561"}],"wp:attachment":[{"href":"https:\/\/www.gtc.lt\/w\/lt_lt\/wp-json\/wp\/v2\/media?parent=15555"}],"curies":[{"name":"wp","href":"https:\/\/api.w.org\/{rel}","templated":true}]}}