{"id":15588,"date":"2020-03-31T14:31:35","date_gmt":"2020-03-31T16:31:35","guid":{"rendered":"https:\/\/gtc.lt\/w\/?page_id=15588"},"modified":"2026-03-16T09:27:47","modified_gmt":"2026-03-16T11:27:47","slug":"vadovai","status":"publish","type":"page","link":"https:\/\/www.gtc.lt\/w\/lt_lt\/vadovai\/","title":{"rendered":"Vadovai"},"content":{"rendered":"<section class=\"wpb-content-wrapper\"><div  class=\"vc_row vc-row-wrapper \" data-parallax_sense=\"30\"><div class=\"wpb_row row\" >\n\t<div class=\"twelve columns vc-column-extra-class-69eb726152a87\" data-parallax_sense=\"30\">\n\t\t<div class=\"wpb_wrapper\">\n\t\t\t\n\t<div class=\"wpb_text_column wpb_content_element \" >\n\t\t<div class=\"wpb_wrapper\">\n\t\t\t<figure class=\"wp-block-table is-style-stripes\">\n<table class=\"has-fixed-layout\">\n<tbody>\n<tr>\n<td class=\"has-text-align-right\" data-align=\"right\"><img loading=\"lazy\" decoding=\"async\" class=\"alignnone wp-image-17147 size-full\" src=\"https:\/\/www.gtc.lt\/w\/wp-content\/uploads\/2025\/02\/A-person-in-a-suit-and-tie__Description-automatically-generated.png\" alt=\"\" width=\"512\" height=\"617\" srcset=\"https:\/\/www.gtc.lt\/w\/wp-content\/uploads\/2025\/02\/A-person-in-a-suit-and-tie__Description-automatically-generated.png 512w, https:\/\/www.gtc.lt\/w\/wp-content\/uploads\/2025\/02\/A-person-in-a-suit-and-tie__Description-automatically-generated-249x300.png 249w\" sizes=\"(max-width: 512px) 100vw, 512px\" \/><\/td>\n<td>\n<p><strong>Rolandas Zabilevi\u010dius<\/strong><\/p>\n<p>UAB Gele\u017einkelio tiesimo centras<br \/>Generalinis direktorius<\/p>\n<p>Kontaktai (+370)68510048<\/p>\n<p>Rolandas \u012f LTG Grup\u0119 atsine\u0161a ilgamet\u0119 patirt\u012f \u012fvairiose vadovaujamose pozicijose. <span data-teams=\"true\">Nuo 2021 m. iki 2023 m. jis buvo AB \u201ePanev\u0117\u017eio keliai\u201d generalinis direktorius ir vadovavo \u012fmonei per sud\u0117ting\u0105 ir i\u0161\u0161\u016bki\u0173 kupin\u0105 laikotarp\u012f, u\u017etikrindamas stabil\u0173 ir s\u0117kming\u0105 \u012fmon\u0117s veikim\u0105. Prie\u0161 tapdamas generaliniu direktoriumi, nuo 2000 m. iki 2021 m. dirbo AB \u201ePanev\u0117\u017eio keliai\u201d komercijos direktoriumi. \u0160iame poste jis sukaup\u0117 vertingos patirties komercijos srityje, vadovavo svarbiems projektams ir s\u0117kmingai pl\u0117tojo \u012fmon\u0117s veikl\u0105.<\/span><\/p>\n<p>Rolandas Zabilevi\u010dius yra baig\u0119s Kauno technologijos universitet\u0105 ir \u012fgij\u0119s vadybos ir verslo administravimo magisrto laipsn\u012f.<\/p>\n<p>Pareigas eina nuo 2024 06 17<\/p>\n<\/td>\n<\/tr>\n<\/tbody>\n<\/table>\n<\/figure>\n<p>&nbsp;<\/p>\n<p>&nbsp;<\/p>\n\n\t\t<\/div> \n\t<\/div> \n\t\t<\/div> \n\t<\/div> \n<\/div><div class=\"dfd-row-bg-overlay\" style=\"opacity: 0.8;\"><\/div><\/div><div  class=\"vc_row vc-row-wrapper \" data-parallax_sense=\"30\"><div class=\"wpb_row row\" >\n\t<div class=\"twelve columns vc-column-extra-class-69eb726153152\" data-parallax_sense=\"30\">\n\t\t<div class=\"wpb_wrapper\">\n\t\t\t\n\t<div class=\"wpb_text_column wpb_content_element \" >\n\t\t<div class=\"wpb_wrapper\">\n\t\t\t<p>\u00a0<\/p>\n<p>\u00a0<\/p>\n<p class=\"has-vivid-cyan-blue-color has-text-color\"><strong>KITI VADOVAI<\/strong><\/p>\n<table>\n<tbody>\n<tr>\n<td width=\"312\"><strong>Nerijus \u017d<\/strong><strong>\u0117<\/strong><strong>kas<\/strong><br \/>Projekt\u0173 valdymo ir in\u017einerijos vadovas<\/td>\n<td width=\"312\">Pareigas eina nuo 2023 07 07<\/td>\n<\/tr>\n<tr>\n<td width=\"312\"><strong>Darius Silius<br \/><\/strong>Gamybos vadovas<\/td>\n<td width=\"312\">Pareigas eina nuo 2023 08 14<\/td>\n<\/tr>\n<tr>\n<td width=\"312\"><strong>Andrius Latvys<br \/><\/strong>Finans\u0173 ir strategijos vadovas<\/td>\n<td width=\"312\">Pareigas eina nuo 2025 09 01<\/td>\n<\/tr>\n<tr>\n<td width=\"312\">\u00a0<\/td>\n<td width=\"312\">\u00a0<\/td>\n<\/tr>\n<tr>\n<td width=\"312\">\u00a0<\/td>\n<td width=\"312\">\u00a0<\/td>\n<\/tr>\n<tr>\n<td width=\"312\">\u00a0<\/td>\n<td width=\"312\">\u00a0<\/td>\n<\/tr>\n<\/tbody>\n<\/table>\n<p>\u00a0<\/p>\n\n\t\t<\/div> \n\t<\/div> \n\t\t<\/div> \n\t<\/div> \n<\/div><div class=\"dfd-row-bg-overlay\" style=\"opacity: 0.8;\"><\/div><\/div><\/section>","protected":false},"excerpt":{"rendered":"Rolandas Zabilevi\u010dius UAB Gele\u017einkelio tiesimo centrasGeneralinis direktorius Kontaktai (+370)68510048 Rolandas \u012f LTG Grup\u0119 atsine\u0161a ilgamet\u0119 patirt\u012f \u012fvairiose vadovaujamose pozicijose. Nuo 2021 m. iki 2023 m. jis buvo AB \u201ePanev\u0117\u017eio keliai\u201d","protected":false},"author":1,"featured_media":0,"parent":0,"menu_order":0,"comment_status":"open","ping_status":"closed","template":"","meta":{"footnotes":""},"_links":{"self":[{"href":"https:\/\/www.gtc.lt\/w\/lt_lt\/wp-json\/wp\/v2\/pages\/15588"}],"collection":[{"href":"https:\/\/www.gtc.lt\/w\/lt_lt\/wp-json\/wp\/v2\/pages"}],"about":[{"href":"https:\/\/www.gtc.lt\/w\/lt_lt\/wp-json\/wp\/v2\/types\/page"}],"author":[{"embeddable":true,"href":"https:\/\/www.gtc.lt\/w\/lt_lt\/wp-json\/wp\/v2\/users\/1"}],"replies":[{"embeddable":true,"href":"https:\/\/www.gtc.lt\/w\/lt_lt\/wp-json\/wp\/v2\/comments?post=15588"}],"version-history":[{"count":45,"href":"https:\/\/www.gtc.lt\/w\/lt_lt\/wp-json\/wp\/v2\/pages\/15588\/revisions"}],"predecessor-version":[{"id":17344,"href":"https:\/\/www.gtc.lt\/w\/lt_lt\/wp-json\/wp\/v2\/pages\/15588\/revisions\/17344"}],"wp:attachment":[{"href":"https:\/\/www.gtc.lt\/w\/lt_lt\/wp-json\/wp\/v2\/media?parent=15588"}],"curies":[{"name":"wp","href":"https:\/\/api.w.org\/{rel}","templated":true}]}}