{"id":15750,"date":"2020-10-27T10:45:19","date_gmt":"2020-10-27T12:45:19","guid":{"rendered":"https:\/\/gtc.lt\/w\/?page_id=15750"},"modified":"2025-07-15T11:21:31","modified_gmt":"2025-07-15T13:21:31","slug":"masinistu-mokymo-centras","status":"publish","type":"page","link":"https:\/\/www.gtc.lt\/w\/lt_lt\/masinistu-mokymo-centras\/","title":{"rendered":"Ma\u0161inist\u0173 mokymo centras"},"content":{"rendered":"\n<p><\/p>\n\n\n\n<p><a href=\"https:\/\/gtc.lt\/w\/wp-content\/uploads\/2020\/12\/Traukinio-ma\u0161inist\u0173-sertifikavimo-tvarkos-apra\u0161as-GTC.pdf\">TRAUKINIO MA\u0160INIST\u0172 SERTIFIKAVIMO TVARKOS APRA\u0160AS (PDF failas)<\/a><\/p>\n\n\n\n<p>Nuo 2020 m. kovo 24 d. UAB Gele\u017einkelio tiesimo centre prad\u0117jo veikti traukinio ma\u0161inist\u0173 mokymo centras. Lietuvos transporto saugos administracijos Paslaug\u0173 departamento sprendimu buvo suteikta teis\u0117 mokyti asmenis traukinio ma\u0161inisto sertifikatui gauti ir papildyti.  Su traukinio ma\u0161inist\u0173, ketinan\u010di\u0173 valdyti specialiuosius gele\u017einkelio riedmenis, teorijos ir praktikos mokymo programa galima susipa\u017einti \u017eemiau:<\/p>\n\n\n<a href=\"https:\/\/www.gtc.lt\/w\/wp-content\/uploads\/2020\/10\/Ma\u0161inist\u0173-mokymo-planas.pdf\" class=\"pdfemb-viewer\" style=\"\" data-width=\"max\" data-height=\"max\" data-toolbar=\"bottom\" data-toolbar-fixed=\"off\">Ma\u0161inist\u0173-mokymo-planas<\/a>\n<p class=\"wp-block-pdfemb-pdf-embedder-viewer\"><\/p>\n\n\n","protected":false},"excerpt":{"rendered":"<p>TRAUKINIO MA\u0160INIST\u0172 SERTIFIKAVIMO TVARKOS APRA\u0160AS (PDF failas) Nuo 2020 m. kovo 24 d. UAB Gele\u017einkelio tiesimo centre prad\u0117jo veikti traukinio ma\u0161inist\u0173 mokymo centras. Lietuvos transporto saugos administracijos Paslaug\u0173 departamento sprendimu<\/p>\n","protected":false},"author":1,"featured_media":0,"parent":0,"menu_order":0,"comment_status":"open","ping_status":"closed","template":"","meta":{"footnotes":""},"_links":{"self":[{"href":"https:\/\/www.gtc.lt\/w\/lt_lt\/wp-json\/wp\/v2\/pages\/15750"}],"collection":[{"href":"https:\/\/www.gtc.lt\/w\/lt_lt\/wp-json\/wp\/v2\/pages"}],"about":[{"href":"https:\/\/www.gtc.lt\/w\/lt_lt\/wp-json\/wp\/v2\/types\/page"}],"author":[{"embeddable":true,"href":"https:\/\/www.gtc.lt\/w\/lt_lt\/wp-json\/wp\/v2\/users\/1"}],"replies":[{"embeddable":true,"href":"https:\/\/www.gtc.lt\/w\/lt_lt\/wp-json\/wp\/v2\/comments?post=15750"}],"version-history":[{"count":7,"href":"https:\/\/www.gtc.lt\/w\/lt_lt\/wp-json\/wp\/v2\/pages\/15750\/revisions"}],"predecessor-version":[{"id":16888,"href":"https:\/\/www.gtc.lt\/w\/lt_lt\/wp-json\/wp\/v2\/pages\/15750\/revisions\/16888"}],"wp:attachment":[{"href":"https:\/\/www.gtc.lt\/w\/lt_lt\/wp-json\/wp\/v2\/media?parent=15750"}],"curies":[{"name":"wp","href":"https:\/\/api.w.org\/{rel}","templated":true}]}}