{"id":17044,"date":"2024-08-27T08:25:33","date_gmt":"2024-08-27T10:25:33","guid":{"rendered":"https:\/\/www.gtc.lt\/w\/?page_id=17044"},"modified":"2025-07-15T11:21:45","modified_gmt":"2025-07-15T13:21:45","slug":"skaidrumo-linija","status":"publish","type":"page","link":"https:\/\/www.gtc.lt\/w\/lt_lt\/skaidrumo-linija\/","title":{"rendered":"Skaidrumo linija"},"content":{"rendered":"\n<p><a href=\"https:\/\/pasitikejimas.ltgpranesimai.lt\/\"><strong>LTG \u012fmoni\u0173 grup\u0117s prane\u0161im\u0173 apie galimus pa\u017eeidimus platform<\/strong>a<\/a><\/p>\n","protected":false},"excerpt":{"rendered":"<p>LTG \u012fmoni\u0173 grup\u0117s prane\u0161im\u0173 apie galimus pa\u017eeidimus platforma<\/p>\n","protected":false},"author":15,"featured_media":0,"parent":0,"menu_order":0,"comment_status":"closed","ping_status":"closed","template":"","meta":{"footnotes":""},"_links":{"self":[{"href":"https:\/\/www.gtc.lt\/w\/lt_lt\/wp-json\/wp\/v2\/pages\/17044"}],"collection":[{"href":"https:\/\/www.gtc.lt\/w\/lt_lt\/wp-json\/wp\/v2\/pages"}],"about":[{"href":"https:\/\/www.gtc.lt\/w\/lt_lt\/wp-json\/wp\/v2\/types\/page"}],"author":[{"embeddable":true,"href":"https:\/\/www.gtc.lt\/w\/lt_lt\/wp-json\/wp\/v2\/users\/15"}],"replies":[{"embeddable":true,"href":"https:\/\/www.gtc.lt\/w\/lt_lt\/wp-json\/wp\/v2\/comments?post=17044"}],"version-history":[{"count":1,"href":"https:\/\/www.gtc.lt\/w\/lt_lt\/wp-json\/wp\/v2\/pages\/17044\/revisions"}],"predecessor-version":[{"id":17046,"href":"https:\/\/www.gtc.lt\/w\/lt_lt\/wp-json\/wp\/v2\/pages\/17044\/revisions\/17046"}],"wp:attachment":[{"href":"https:\/\/www.gtc.lt\/w\/lt_lt\/wp-json\/wp\/v2\/media?parent=17044"}],"curies":[{"name":"wp","href":"https:\/\/api.w.org\/{rel}","templated":true}]}}