{"id":290,"date":"2012-05-04T07:08:04","date_gmt":"2012-05-04T05:08:04","guid":{"rendered":"https:\/\/gtc.lt\/w\/?page_id=290"},"modified":"2025-07-15T11:21:15","modified_gmt":"2025-07-15T13:21:15","slug":"apie-bendrove-2","status":"publish","type":"page","link":"https:\/\/www.gtc.lt\/w\/lt_lt\/apie-bendrove-2\/","title":{"rendered":"Apie bendrov\u0119"},"content":{"rendered":"<section class=\"wpb-content-wrapper\"><div  class=\"vc_row vc-row-wrapper \" data-parallax_sense=\"30\"><div class=\"wpb_row row\" >\n\t<div class=\"twelve columns vc-column-extra-class-69ec82300bf07\" data-parallax_sense=\"30\">\n\t\t<div class=\"wpb_wrapper\">\n\t\t\t\n\t<div class=\"wpb_text_column wpb_content_element \" >\n\t\t<div class=\"wpb_wrapper\">\n\t\t\t<p><strong>UAB Gele\u017einkelio tiesimo centras<\/strong> (toliau \u2013 <strong>GTC<\/strong>) jau nuo 1948 met\u0173 atlieka vis\u0173 r\u016b\u0161i\u0173 gele\u017einkelio keli\u0173 remonto darbus ir nauj\u0173 keli\u0173 tiesim\u0105. Tai bendrov\u0117, sukaupusi did\u017eiul\u0119 patirt\u012f ir turinti daug kvalifikuot\u0173 darbuotoj\u0173. Per \u0161iuos metus jos darbuotojai suremontavo \u0161imtus kilometr\u0173 gele\u017einkelio kelio nuo Daugpilio iki Kaliningrado. GTC nuolat investuoja \u012f gamybos baz\u0117s stiprinim\u0105, nauj\u0173 technologij\u0173 diegim\u0105 ir darb\u0173 kokyb\u0117s gerinim\u0105. Per vis\u0105 bendrov\u0117s istorij\u0105 sukurta stipri technin\u0117 ir gamybin\u0117 baz\u0117. Nauji \u012frenginiai bei mechanizmai, \u012fsigyti Europos \u0161alyse, ne tik palengvino \u017emoni\u0173 darb\u0105, bet ir suteik\u0117 daugiau galimybi\u0173 kokybi\u0161kai ir greitai atlikti ES standartus atitinkan\u010dius darbus bei garantuoti remonto ilgaam\u017ei\u0161kum\u0105. Svarbiausia yra tai, kad GTC atlikt\u0173 darb\u0173 kokyb\u0117 u\u017etikrina eismo saugum\u0105. GTC dalyvauja \u012fvairiuose projektuose finansuojamuose ES arba biud\u017eeto l\u0117\u0161omis. Nuo \u012fk\u016brimo met\u0173 bendrov\u0117 dirba s\u0117kmingai ir tai leid\u017eia vykdyti investicinius projektus, stiprinan\u010dius jos paj\u0117gumus. Esame pilnaver\u010diai ir vieni i\u0161 pagrindini\u0173 gele\u017einkelio srities rinkos dalyvi\u0173. Nor\u0117dami i\u0161laikyti konkurencij\u0105 rinkoje turime \u012fdiegt\u0105 ir sertifikuot\u0105 integruot\u0105 kokyb\u0117s, aplinkos apsaugos ir darbuotoj\u0173 saugos ir sveikatos vadybos sistem\u0105, pagal ISO 9001:2015, ISO 14001:2015 ir ISO 45001:2018 vadybos standart\u0173 reikalavimus. Esame atestuoti ypatingo statinio statybos darbams atlikti LR Aplinkos ministerijoje. Bendrov\u0117 yra gele\u017einkeli\u0173 paslaug\u0173 \u012fmoni\u0173 asociacijos \u201eGelpa\u201c nar\u0117. Priimdami naujus rinkos i\u0161\u0161\u016bkius dedame visas pastangas i\u0161pl\u0117sti bendrov\u0117s veiklos mast\u0105, galimyb\u0119 teikti didesn\u0117s apimties paslaugas. GTC taip pat atlieka gele\u017einkelio \u017eem\u0117s sankasos, pralaid\u0173, perva\u017e\u0173 \u012frengimo, ie\u0161m\u0173 remonto darbus. Didel\u0119 darbo patirt\u012f turintis bendrov\u0117s ilgametis kvalifikuotas personalas maloniai suteiks vis\u0173 r\u016b\u0161i\u0173 gele\u017einkeli\u0173 keli\u0173 remonto, techninio aptarnavimo, gele\u017einkelio riedmen\u0173 nuomos paslaugas.<\/p>\n<p>Tikim\u0117s glaudaus bendradarbiavimo su u\u017esakovais kuriems r\u016bpi kokybi\u0161kos, saugios ir patikimos gele\u017einkelio remonto paslaugos.<\/p>\n<p><a href=\"https:\/\/gtc.lt\/w\/susidurete-su-korpcija\/\"><img loading=\"lazy\" decoding=\"async\" class=\"alignnone size-full wp-image-15537\" src=\"https:\/\/gtc.lt\/w\/wp-content\/uploads\/2020\/03\/prevencija-1.jpg\" alt=\"Ne korupcijai\" width=\"400\" height=\"150\" srcset=\"https:\/\/www.gtc.lt\/w\/wp-content\/uploads\/2020\/03\/prevencija-1.jpg 400w, https:\/\/www.gtc.lt\/w\/wp-content\/uploads\/2020\/03\/prevencija-1-300x113.jpg 300w\" sizes=\"(max-width: 400px) 100vw, 400px\" \/><\/a><\/p>\n\n\t\t<\/div> \n\t<\/div> \n\t\t<\/div> \n\t<\/div> \n<\/div><div class=\"dfd-row-bg-overlay\" style=\"opacity: 0.8;\"><\/div><\/div><div  class=\"vc_row vc-row-wrapper \" data-parallax_sense=\"30\"><div class=\"wpb_row row\" >\n\t<div class=\"twelve columns vc-column-extra-class-69ec82300c98f\" data-parallax_sense=\"30\">\n\t\t<div class=\"wpb_wrapper\">\n\t\t\t<div class=\"vc_empty_space\"   style=\"height: 50px\"><span class=\"vc_empty_space_inner\"><\/span><\/div>\n\t\t<\/div> \n\t<\/div> \n<\/div><div class=\"dfd-row-bg-overlay\" style=\"opacity: 0.8;\"><\/div><\/div><div  class=\"vc_row vc-row-wrapper \" data-parallax_sense=\"30\"><div class=\"wpb_row row\" >\n\t<div class=\"twelve columns vc-column-extra-class-69ec82300d164\" data-parallax_sense=\"30\">\n\t\t<div class=\"wpb_wrapper\">\n\t\t\t\n\t<div class=\"wpb_text_column wpb_content_element \" >\n\t\t<div class=\"wpb_wrapper\">\n\t\t\t<figure class=\"wp-block-table\">\n<table>\n<tbody>\n<tr>\n<td>Pavadinimas<\/td>\n<td>UAB Gele\u017einkelio tiesimo centras<\/td>\n<\/tr>\n<tr>\n<td>Teisin\u0117\u00a0forma<\/td>\n<td>U\u017edaroji\u00a0akcin\u0117\u00a0bendrov\u0117,\u00a0ribotos\u00a0civilin\u0117s\u00a0atsakomyb\u0117s\u00a0privatus\u00a0jurdinis\u00a0asmuo<\/td>\n<\/tr>\n<tr>\n<td>Registracijos\u00a0vieta, data<\/td>\n<td>2001 m.\u00a0gruod\u017eio\u00a021 d., LR\u00a0Juridini\u0173\u00a0asmen\u0173\u00a0registras<\/td>\n<\/tr>\n<tr>\n<td>\u012emon\u0117s\u00a0kodas<\/td>\n<td>181628163<\/td>\n<\/tr>\n<tr>\n<td>Adresas<\/td>\n<td>Trikampio\u00a0g. 10,\u00a0Lentvaris,\u00a0Trak\u0173\u00a0raj.<\/td>\n<\/tr>\n<tr>\n<td>Telefonas<\/td>\n<td>+37065537023<\/td>\n<\/tr>\n<tr>\n<td>Elektroninis\u00a0pa\u0161tas<\/td>\n<td><a href=\"mailto:info@gtc.lt\" target=\"_blank\" rel=\"noreferrer noopener\">info@gtc.lt<\/a><\/td>\n<\/tr>\n<tr>\n<td>Interneto svetain\u0117<\/td>\n<td><a href=\"http:\/\/www.gtc.lt\/\" target=\"_blank\" rel=\"noreferrer noopener\">www.gtc.lt<\/a><\/td>\n<\/tr>\n<tr>\n<td>Pagrindin\u0117 veikla<\/td>\n<td>Gele\u017einkelio\u00a0keli\u0173\u00a0infrastrukt\u016bros\u00a0statyba\u00a0ir\u00a0remontas<\/td>\n<\/tr>\n<tr>\n<td>Bendrov\u0117s generalinis direktorius<\/td>\n<td>Rolandas Zabilevi\u010dius<\/td>\n<\/tr>\n<tr>\n<td>Akcininkai<\/td>\n<td>100 % akcij\u0173 priklauso AB \u2018\u2018Lietuvos gele\u017einkeliai\u2018\u2018<br \/><a href=\"http:\/\/www.litrail.lt\/\" target=\"_blank\" rel=\"noreferrer noopener\">www.litrail.lt<\/a><\/td>\n<\/tr>\n<\/tbody>\n<\/table>\n<\/figure>\n<p>&nbsp;<\/p>\n\n\t\t<\/div> \n\t<\/div> \n\t\t<\/div> \n\t<\/div> \n<\/div><div class=\"dfd-row-bg-overlay\" style=\"opacity: 0.8;\"><\/div><\/div><\/section>","protected":false},"excerpt":{"rendered":"UAB Gele\u017einkelio tiesimo centras (toliau \u2013 GTC) jau nuo 1948 met\u0173 atlieka vis\u0173 r\u016b\u0161i\u0173 gele\u017einkelio keli\u0173 remonto darbus ir nauj\u0173 keli\u0173 tiesim\u0105. Tai bendrov\u0117, sukaupusi did\u017eiul\u0119 patirt\u012f ir turinti daug","protected":false},"author":1,"featured_media":0,"parent":0,"menu_order":0,"comment_status":"closed","ping_status":"closed","template":"","meta":{"footnotes":""},"_links":{"self":[{"href":"https:\/\/www.gtc.lt\/w\/lt_lt\/wp-json\/wp\/v2\/pages\/290"}],"collection":[{"href":"https:\/\/www.gtc.lt\/w\/lt_lt\/wp-json\/wp\/v2\/pages"}],"about":[{"href":"https:\/\/www.gtc.lt\/w\/lt_lt\/wp-json\/wp\/v2\/types\/page"}],"author":[{"embeddable":true,"href":"https:\/\/www.gtc.lt\/w\/lt_lt\/wp-json\/wp\/v2\/users\/1"}],"replies":[{"embeddable":true,"href":"https:\/\/www.gtc.lt\/w\/lt_lt\/wp-json\/wp\/v2\/comments?post=290"}],"version-history":[{"count":25,"href":"https:\/\/www.gtc.lt\/w\/lt_lt\/wp-json\/wp\/v2\/pages\/290\/revisions"}],"predecessor-version":[{"id":17052,"href":"https:\/\/www.gtc.lt\/w\/lt_lt\/wp-json\/wp\/v2\/pages\/290\/revisions\/17052"}],"wp:attachment":[{"href":"https:\/\/www.gtc.lt\/w\/lt_lt\/wp-json\/wp\/v2\/media?parent=290"}],"curies":[{"name":"wp","href":"https:\/\/api.w.org\/{rel}","templated":true}]}}